{"id":143,"date":"2023-03-10T12:37:32","date_gmt":"2023-03-10T10:37:32","guid":{"rendered":"https:\/\/f4.ecl.lt\/dumedu\/?page_id=143"},"modified":"2023-06-06T13:30:36","modified_gmt":"2023-06-06T10:30:36","slug":"kontaktai","status":"publish","type":"page","link":"https:\/\/mydeko.lt\/sienu-lenteles\/kontaktai\/","title":{"rendered":"Kontaktai"},"content":{"rendered":"\t\t<div data-elementor-type=\"wp-page\" data-elementor-id=\"143\" class=\"elementor elementor-143\" data-elementor-post-type=\"page\">\n\t\t\t\t\t\t\t\t\t<section class=\"elementor-section elementor-top-section elementor-element elementor-element-5495a99 elementor-section-height-min-height elementor-section-stretched elementor-section-boxed elementor-section-height-default elementor-section-items-middle wd-section-disabled\" data-id=\"5495a99\" data-element_type=\"section\" data-settings=\"{&quot;stretch_section&quot;:&quot;section-stretched&quot;,&quot;background_background&quot;:&quot;classic&quot;}\">\n\t\t\t\t\t\t<div class=\"elementor-container elementor-column-gap-default\">\n\t\t\t\t\t<div class=\"elementor-column elementor-col-100 elementor-top-column elementor-element elementor-element-b369fcf\" data-id=\"b369fcf\" data-element_type=\"column\">\n\t\t\t<div class=\"elementor-widget-wrap elementor-element-populated\">\n\t\t\t\t\t\t\t\t<div class=\"elementor-element elementor-element-ec5ad21 elementor-widget elementor-widget-heading\" data-id=\"ec5ad21\" data-element_type=\"widget\" data-widget_type=\"heading.default\">\n\t\t\t\t<div class=\"elementor-widget-container\">\n\t\t\t<style>\/*! elementor - v3.14.0 - 18-06-2023 *\/\n.elementor-heading-title{padding:0;margin:0;line-height:1}.elementor-widget-heading .elementor-heading-title[class*=elementor-size-]>a{color:inherit;font-size:inherit;line-height:inherit}.elementor-widget-heading .elementor-heading-title.elementor-size-small{font-size:15px}.elementor-widget-heading .elementor-heading-title.elementor-size-medium{font-size:19px}.elementor-widget-heading .elementor-heading-title.elementor-size-large{font-size:29px}.elementor-widget-heading .elementor-heading-title.elementor-size-xl{font-size:39px}.elementor-widget-heading .elementor-heading-title.elementor-size-xxl{font-size:59px}<\/style><h2 class=\"elementor-heading-title elementor-size-default\">Kontaktai<\/h2>\t\t<\/div>\n\t\t\t\t<\/div>\n\t\t\t\t\t<\/div>\n\t\t<\/div>\n\t\t\t\t\t\t\t<\/div>\n\t\t<\/section>\n\t\t\t\t<section class=\"wd-negative-gap elementor-section elementor-top-section elementor-element elementor-element-ea72e1c elementor-section-boxed elementor-section-height-default elementor-section-height-default wd-section-disabled\" data-id=\"ea72e1c\" data-element_type=\"section\">\n\t\t\t\t\t\t<div class=\"elementor-container elementor-column-gap-default\">\n\t\t\t\t\t<div class=\"elementor-column elementor-col-50 elementor-top-column elementor-element elementor-element-a3171ba\" data-id=\"a3171ba\" data-element_type=\"column\">\n\t\t\t<div class=\"elementor-widget-wrap elementor-element-populated\">\n\t\t\t\t\t\t\t\t<div class=\"elementor-element elementor-element-fea9ec5 elementor-icon-list--layout-traditional elementor-list-item-link-full_width elementor-widget elementor-widget-icon-list\" data-id=\"fea9ec5\" data-element_type=\"widget\" data-widget_type=\"icon-list.default\">\n\t\t\t\t<div class=\"elementor-widget-container\">\n\t\t\t<link rel=\"stylesheet\" href=\"https:\/\/mydeko.lt\/wp-content\/plugins\/elementor\/assets\/css\/widget-icon-list.min.css\">\t\t<ul class=\"elementor-icon-list-items\">\n\t\t\t\t\t\t\t<li class=\"elementor-icon-list-item\">\n\t\t\t\t\t\t\t\t\t\t\t<a href=\"tel:+37067634679\">\n\n\t\t\t\t\t\t\t\t\t\t\t\t<span class=\"elementor-icon-list-icon\">\n\t\t\t\t\t\t\t<svg xmlns=\"http:\/\/www.w3.org\/2000\/svg\" id=\"Layer_1\" height=\"512\" viewBox=\"0 0 512 512\" width=\"512\"><g><g><g><g><path d=\"m361.9 471c-16.7 0-34-2.3-51.7-7-53.9-14.2-109.7-49-161.5-100.8s-86.7-107.6-100.8-161.4c-15.3-58.3-5.2-111.7 29.1-154.4 3-3.8 7.5-6.1 12.3-6.4s9.5 1.5 12.9 4.9l85.1 85.1c6.6 6.6 6.6 17.3 0 23.8l-37.3 37.4c-3.6 3.6-4.5 9-2.2 13.4v.1c16.1 33.4 38.3 64.5 66.1 92.4 27.9 27.9 59 50.1 92.4 66.1 4.5 2.1 9.9 1.2 13.6-2.2l37.3-37.3c3.2-3.2 7.4-5 11.9-5s8.7 1.8 11.9 5l85.1 85.1c3.4 3.4 5.2 8.1 4.9 12.8-.3 4.8-2.5 9.3-6.3 12.3-29.8 23.9-64.7 36.1-102.8 36.1zm-271.6-420.3c-.1 0-.3 0-.4 0-2.1.1-3.9 1.1-5.2 2.7-32.3 40.3-41.8 90.7-27.3 145.8 13.7 52.1 47.6 106.4 98.2 157s104.9 84.5 157.1 98.3c55.2 14.5 105.7 5.1 146-27.2 1.6-1.3 2.6-3.1 2.7-5.2.1-2-.6-4-2.1-5.4l-85.3-85.1c-2.8-2.8-7.2-2.8-10 0l-37.3 37.3c-6.6 6.4-16.5 8-24.6 4.1-34.4-16.4-66.4-39.3-95.1-68-28.6-28.7-51.4-60.6-68-95-4.1-8.2-2.5-18.1 4.1-24.7l37.3-37.3c1.3-1.3 2.1-3.1 2.1-5s-.7-3.7-2.1-5l-85.1-85.2c-1.4-1.3-3.1-2.1-5-2.1z\"><\/path><\/g><g><path d=\"m437.2 452.4c-1.3 0-2.5-.5-3.5-1.4l-97.9-98c-1.9-1.9-1.9-5 0-6.9s5-1.9 6.9 0l97.9 98c1.9 1.9 1.9 5 0 6.9-.9.9-2.1 1.4-3.4 1.4z\"><\/path><\/g><g><path d=\"m162.7 177.6c-1.2 0-2.5-.5-3.5-1.4l-98.1-97.9c-1.9-1.9-1.9-5 0-6.9s5-1.9 6.9 0l98.1 97.8c1.9 1.9 1.9 5 0 6.9-.9 1-2.2 1.5-3.4 1.5z\"><\/path><\/g><\/g><\/g><\/g><\/svg>\t\t\t\t\t\t<\/span>\n\t\t\t\t\t\t\t\t\t\t<span class=\"elementor-icon-list-text\">B2B klientams +370 676 34 679<\/span>\n\t\t\t\t\t\t\t\t\t\t\t<\/a>\n\t\t\t\t\t\t\t\t\t<\/li>\n\t\t\t\t\t\t\t\t<li class=\"elementor-icon-list-item\">\n\t\t\t\t\t\t\t\t\t\t\t<span class=\"elementor-icon-list-icon\">\n\t\t\t\t\t\t\t<svg xmlns=\"http:\/\/www.w3.org\/2000\/svg\" id=\"Layer_1\" height=\"512\" viewBox=\"0 0 512 512\" width=\"512\"><g><g><g><g><path d=\"m361.9 471c-16.7 0-34-2.3-51.7-7-53.9-14.2-109.7-49-161.5-100.8s-86.7-107.6-100.8-161.4c-15.3-58.3-5.2-111.7 29.1-154.4 3-3.8 7.5-6.1 12.3-6.4s9.5 1.5 12.9 4.9l85.1 85.1c6.6 6.6 6.6 17.3 0 23.8l-37.3 37.4c-3.6 3.6-4.5 9-2.2 13.4v.1c16.1 33.4 38.3 64.5 66.1 92.4 27.9 27.9 59 50.1 92.4 66.1 4.5 2.1 9.9 1.2 13.6-2.2l37.3-37.3c3.2-3.2 7.4-5 11.9-5s8.7 1.8 11.9 5l85.1 85.1c3.4 3.4 5.2 8.1 4.9 12.8-.3 4.8-2.5 9.3-6.3 12.3-29.8 23.9-64.7 36.1-102.8 36.1zm-271.6-420.3c-.1 0-.3 0-.4 0-2.1.1-3.9 1.1-5.2 2.7-32.3 40.3-41.8 90.7-27.3 145.8 13.7 52.1 47.6 106.4 98.2 157s104.9 84.5 157.1 98.3c55.2 14.5 105.7 5.1 146-27.2 1.6-1.3 2.6-3.1 2.7-5.2.1-2-.6-4-2.1-5.4l-85.3-85.1c-2.8-2.8-7.2-2.8-10 0l-37.3 37.3c-6.6 6.4-16.5 8-24.6 4.1-34.4-16.4-66.4-39.3-95.1-68-28.6-28.7-51.4-60.6-68-95-4.1-8.2-2.5-18.1 4.1-24.7l37.3-37.3c1.3-1.3 2.1-3.1 2.1-5s-.7-3.7-2.1-5l-85.1-85.2c-1.4-1.3-3.1-2.1-5-2.1z\"><\/path><\/g><g><path d=\"m437.2 452.4c-1.3 0-2.5-.5-3.5-1.4l-97.9-98c-1.9-1.9-1.9-5 0-6.9s5-1.9 6.9 0l97.9 98c1.9 1.9 1.9 5 0 6.9-.9.9-2.1 1.4-3.4 1.4z\"><\/path><\/g><g><path d=\"m162.7 177.6c-1.2 0-2.5-.5-3.5-1.4l-98.1-97.9c-1.9-1.9-1.9-5 0-6.9s5-1.9 6.9 0l98.1 97.8c1.9 1.9 1.9 5 0 6.9-.9 1-2.2 1.5-3.4 1.5z\"><\/path><\/g><\/g><\/g><\/g><\/svg>\t\t\t\t\t\t<\/span>\n\t\t\t\t\t\t\t\t\t\t<span class=\"elementor-icon-list-text\">Fiziniams asmenims +370 680 25800<\/span>\n\t\t\t\t\t\t\t\t\t<\/li>\n\t\t\t\t\t\t\t\t<li class=\"elementor-icon-list-item\">\n\t\t\t\t\t\t\t\t\t\t\t<a href=\"mailto:info@mydeko.lt\">\n\n\t\t\t\t\t\t\t\t\t\t\t\t<span class=\"elementor-icon-list-icon\">\n\t\t\t\t\t\t\t<svg xmlns=\"http:\/\/www.w3.org\/2000\/svg\" id=\"Layer_1\" height=\"512\" viewBox=\"0 0 512 512\" width=\"512\"><g><g><g><g><g><g><g><g><path d=\"m465.1 471h-418.2c-2.7 0-4.9-2.2-4.9-4.9v-271.5c0-1.4.6-2.8 1.8-3.7l54.1-45.2c2.1-1.7 5.2-1.5 6.9.6s1.5 5.2-.6 6.9l-52.4 43.8v264.3h408.5v-266.7c0-2.7 2.2-4.9 4.9-4.9s4.9 2.2 4.9 4.9v271.5c-.1 2.7-2.3 4.9-5 4.9z\"><\/path><\/g><g><path d=\"m465.1 199.5c-1.1 0-2.2-.4-3.1-1.1l-54.1-45.2c-2.1-1.7-2.3-4.8-.6-6.9s4.8-2.3 6.9-.6l54.1 45.2c2.1 1.7 2.3 4.8.6 6.9-1 1.1-2.4 1.7-3.8 1.7z\"><\/path><\/g><g><path d=\"m303.5 335.4c-1.4 0-2.8-.6-3.7-1.7-1.7-2.1-1.5-5.1.6-6.9l106.9-89.8c.2-.2.4-.4.6-.6l54.1-45.4c2.1-1.7 5.2-1.5 6.9.6s1.5 5.1-.6 6.9l-53.6 45c-.2.2-.4.4-.6.6l-107.5 90.3c-.9.6-2 1-3.1 1z\"><\/path><\/g><g><path d=\"m208.5 335.4c-1.1 0-2.2-.4-3.1-1.1l-161.7-135.9c-2.1-1.7-2.3-4.8-.6-6.9s4.8-2.3 6.9-.6l161.6 135.8c2.1 1.7 2.3 4.8.6 6.9-.9 1.2-2.3 1.8-3.7 1.8z\"><\/path><\/g><g><path d=\"m46.9 471c-1.4 0-2.8-.6-3.7-1.7-1.7-2.1-1.5-5.1.6-6.9l205.6-172.6c3.9-3.3 9.5-3.3 13.5 0l205.5 172.6c2.1 1.7 2.3 4.8.6 6.9s-4.8 2.3-6.9.6l-205.6-172.6c-.3-.2-.6-.2-.8 0l-205.7 172.6c-.9.7-2 1.1-3.1 1.1z\"><\/path><\/g><\/g><\/g><\/g><\/g><\/g><g><path d=\"m411 245c-2.7 0-4.9-2.2-4.9-4.9v-189.3h-300.2v189.2c0 2.7-2.2 4.9-4.9 4.9s-4.9-2.2-4.9-4.9v-190.7c0-4.6 3.7-8.3 8.3-8.3h303.1c4.6 0 8.3 3.7 8.3 8.3v190.8c.1 2.7-2.1 4.9-4.8 4.9z\"><\/path><\/g><\/g><g><g><path d=\"m352.7 99.7h-193.4c-2.7 0-4.9-2.2-4.9-4.9s2.2-4.9 4.9-4.9h193.3c2.7 0 4.9 2.2 4.9 4.9s-2.1 4.9-4.8 4.9z\"><\/path><\/g><g><path d=\"m352.7 149.2h-193.4c-2.7 0-4.9-2.2-4.9-4.9s2.2-4.9 4.9-4.9h193.3c2.7 0 4.9 2.2 4.9 4.9s-2.1 4.9-4.8 4.9z\"><\/path><\/g><g><path d=\"m352.7 198.6h-193.4c-2.7 0-4.9-2.2-4.9-4.9s2.2-4.9 4.9-4.9h193.3c2.7 0 4.9 2.2 4.9 4.9s-2.1 4.9-4.8 4.9z\"><\/path><\/g><g><path d=\"m352.7 248.2h-193.4c-2.7 0-4.9-2.2-4.9-4.9s2.2-4.9 4.9-4.9h193.3c2.7 0 4.9 2.2 4.9 4.9s-2.1 4.9-4.8 4.9z\"><\/path><\/g><\/g><\/g><\/svg>\t\t\t\t\t\t<\/span>\n\t\t\t\t\t\t\t\t\t\t<span class=\"elementor-icon-list-text\">info@mydeko.lt<\/span>\n\t\t\t\t\t\t\t\t\t\t\t<\/a>\n\t\t\t\t\t\t\t\t\t<\/li>\n\t\t\t\t\t\t<\/ul>\n\t\t\t\t<\/div>\n\t\t\t\t<\/div>\n\t\t\t\t<div class=\"elementor-element elementor-element-7404c90 elementor-icon-list--layout-inline elementor-list-item-link-full_width elementor-widget elementor-widget-icon-list\" data-id=\"7404c90\" data-element_type=\"widget\" data-widget_type=\"icon-list.default\">\n\t\t\t\t<div class=\"elementor-widget-container\">\n\t\t\t\t\t<ul class=\"elementor-icon-list-items elementor-inline-items\">\n\t\t\t\t\t\t\t<li class=\"elementor-icon-list-item elementor-inline-item\">\n\t\t\t\t\t\t\t\t\t\t\t<a href=\"https:\/\/www.facebook.com\/profile.php?id=100091172507143\" target=\"_blank\" rel=\"noopener\">\n\n\t\t\t\t\t\t\t\t\t\t\t\t<span class=\"elementor-icon-list-icon\">\n\t\t\t\t\t\t\t<i aria-hidden=\"true\" class=\"fab fa-facebook\"><\/i>\t\t\t\t\t\t<\/span>\n\t\t\t\t\t\t\t\t\t\t<span class=\"elementor-icon-list-text\"><\/span>\n\t\t\t\t\t\t\t\t\t\t\t<\/a>\n\t\t\t\t\t\t\t\t\t<\/li>\n\t\t\t\t\t\t\t\t<li class=\"elementor-icon-list-item elementor-inline-item\">\n\t\t\t\t\t\t\t\t\t\t\t<a href=\"https:\/\/www.instagram.com\/mydeko_decor\/\" target=\"_blank\" rel=\"noopener\">\n\n\t\t\t\t\t\t\t\t\t\t\t\t<span class=\"elementor-icon-list-icon\">\n\t\t\t\t\t\t\t<i aria-hidden=\"true\" class=\"fab fa-instagram\"><\/i>\t\t\t\t\t\t<\/span>\n\t\t\t\t\t\t\t\t\t\t<span class=\"elementor-icon-list-text\"><\/span>\n\t\t\t\t\t\t\t\t\t\t\t<\/a>\n\t\t\t\t\t\t\t\t\t<\/li>\n\t\t\t\t\t\t<\/ul>\n\t\t\t\t<\/div>\n\t\t\t\t<\/div>\n\t\t\t\t<div class=\"elementor-element elementor-element-e4ef4e7 elementor-widget elementor-widget-spacer\" data-id=\"e4ef4e7\" data-element_type=\"widget\" data-widget_type=\"spacer.default\">\n\t\t\t\t<div class=\"elementor-widget-container\">\n\t\t\t<style>\/*! elementor - v3.14.0 - 18-06-2023 *\/\n.elementor-column .elementor-spacer-inner{height:var(--spacer-size)}.e-con{--container-widget-width:100%}.e-con-inner>.elementor-widget-spacer,.e-con>.elementor-widget-spacer{width:var(--container-widget-width,var(--spacer-size));--align-self:var(--container-widget-align-self,initial);--flex-shrink:0}.e-con-inner>.elementor-widget-spacer>.elementor-widget-container,.e-con-inner>.elementor-widget-spacer>.elementor-widget-container>.elementor-spacer,.e-con>.elementor-widget-spacer>.elementor-widget-container,.e-con>.elementor-widget-spacer>.elementor-widget-container>.elementor-spacer{height:100%}.e-con-inner>.elementor-widget-spacer>.elementor-widget-container>.elementor-spacer>.elementor-spacer-inner,.e-con>.elementor-widget-spacer>.elementor-widget-container>.elementor-spacer>.elementor-spacer-inner{height:var(--container-widget-height,var(--spacer-size))}<\/style>\t\t<div class=\"elementor-spacer\">\n\t\t\t<div class=\"elementor-spacer-inner\"><\/div>\n\t\t<\/div>\n\t\t\t\t<\/div>\n\t\t\t\t<\/div>\n\t\t\t\t<div class=\"elementor-element elementor-element-65c2a52 elementor-widget elementor-widget-heading\" data-id=\"65c2a52\" data-element_type=\"widget\" data-widget_type=\"heading.default\">\n\t\t\t\t<div class=\"elementor-widget-container\">\n\t\t\t<p class=\"elementor-heading-title elementor-size-default\">Si\u0173skite u\u017eklaus\u0105 ir atsakysime per artimiausias 24 val.<\/p>\t\t<\/div>\n\t\t\t\t<\/div>\n\t\t\t\t<div class=\"elementor-element elementor-element-8cd8185 elementor-button-align-stretch elementor-widget elementor-widget-form\" data-id=\"8cd8185\" data-element_type=\"widget\" data-settings=\"{&quot;step_next_label&quot;:&quot;Next&quot;,&quot;step_previous_label&quot;:&quot;Previous&quot;,&quot;button_width&quot;:&quot;25&quot;,&quot;step_type&quot;:&quot;number_text&quot;,&quot;step_icon_shape&quot;:&quot;circle&quot;}\" data-widget_type=\"form.default\">\n\t\t\t\t<div class=\"elementor-widget-container\">\n\t\t\t<style>\/*! elementor-pro - v3.14.0 - 18-06-2023 *\/\n.elementor-button.elementor-hidden,.elementor-hidden{display:none}.e-form__step{width:100%}.e-form__step:not(.elementor-hidden){display:flex;flex-wrap:wrap}.e-form__buttons{flex-wrap:wrap}.e-form__buttons,.e-form__buttons__wrapper{display:flex}.e-form__indicators{display:flex;justify-content:space-between;align-items:center;flex-wrap:nowrap;font-size:13px;margin-bottom:var(--e-form-steps-indicators-spacing)}.e-form__indicators__indicator{display:flex;flex-direction:column;align-items:center;justify-content:center;flex-basis:0;padding:0 var(--e-form-steps-divider-gap)}.e-form__indicators__indicator__progress{width:100%;position:relative;background-color:var(--e-form-steps-indicator-progress-background-color);border-radius:var(--e-form-steps-indicator-progress-border-radius);overflow:hidden}.e-form__indicators__indicator__progress__meter{width:var(--e-form-steps-indicator-progress-meter-width,0);height:var(--e-form-steps-indicator-progress-height);line-height:var(--e-form-steps-indicator-progress-height);padding-right:15px;border-radius:var(--e-form-steps-indicator-progress-border-radius);background-color:var(--e-form-steps-indicator-progress-color);color:var(--e-form-steps-indicator-progress-meter-color);text-align:right;transition:width .1s linear}.e-form__indicators__indicator:first-child{padding-left:0}.e-form__indicators__indicator:last-child{padding-right:0}.e-form__indicators__indicator--state-inactive{color:var(--e-form-steps-indicator-inactive-primary-color,#c2cbd2)}.e-form__indicators__indicator--state-inactive [class*=indicator--shape-]:not(.e-form__indicators__indicator--shape-none){background-color:var(--e-form-steps-indicator-inactive-secondary-color,#fff)}.e-form__indicators__indicator--state-inactive object,.e-form__indicators__indicator--state-inactive svg{fill:var(--e-form-steps-indicator-inactive-primary-color,#c2cbd2)}.e-form__indicators__indicator--state-active{color:var(--e-form-steps-indicator-active-primary-color,#39b54a);border-color:var(--e-form-steps-indicator-active-secondary-color,#fff)}.e-form__indicators__indicator--state-active [class*=indicator--shape-]:not(.e-form__indicators__indicator--shape-none){background-color:var(--e-form-steps-indicator-active-secondary-color,#fff)}.e-form__indicators__indicator--state-active object,.e-form__indicators__indicator--state-active svg{fill:var(--e-form-steps-indicator-active-primary-color,#39b54a)}.e-form__indicators__indicator--state-completed{color:var(--e-form-steps-indicator-completed-secondary-color,#fff)}.e-form__indicators__indicator--state-completed [class*=indicator--shape-]:not(.e-form__indicators__indicator--shape-none){background-color:var(--e-form-steps-indicator-completed-primary-color,#39b54a)}.e-form__indicators__indicator--state-completed .e-form__indicators__indicator__label{color:var(--e-form-steps-indicator-completed-primary-color,#39b54a)}.e-form__indicators__indicator--state-completed .e-form__indicators__indicator--shape-none{color:var(--e-form-steps-indicator-completed-primary-color,#39b54a);background-color:initial}.e-form__indicators__indicator--state-completed object,.e-form__indicators__indicator--state-completed svg{fill:var(--e-form-steps-indicator-completed-secondary-color,#fff)}.e-form__indicators__indicator__icon{width:var(--e-form-steps-indicator-padding,30px);height:var(--e-form-steps-indicator-padding,30px);font-size:var(--e-form-steps-indicator-icon-size);border-width:1px;border-style:solid;display:flex;justify-content:center;align-items:center;overflow:hidden;margin-bottom:10px}.e-form__indicators__indicator__icon img,.e-form__indicators__indicator__icon object,.e-form__indicators__indicator__icon svg{width:var(--e-form-steps-indicator-icon-size);height:auto}.e-form__indicators__indicator__icon .e-font-icon-svg{height:1em}.e-form__indicators__indicator__number{width:var(--e-form-steps-indicator-padding,30px);height:var(--e-form-steps-indicator-padding,30px);border-width:1px;border-style:solid;display:flex;justify-content:center;align-items:center;margin-bottom:10px}.e-form__indicators__indicator--shape-circle{border-radius:50%}.e-form__indicators__indicator--shape-square{border-radius:0}.e-form__indicators__indicator--shape-rounded{border-radius:5px}.e-form__indicators__indicator--shape-none{border:0}.e-form__indicators__indicator__label{text-align:center}.e-form__indicators__indicator__separator{width:100%;height:var(--e-form-steps-divider-width);background-color:#babfc5}.e-form__indicators--type-icon,.e-form__indicators--type-icon_text,.e-form__indicators--type-number,.e-form__indicators--type-number_text{align-items:flex-start}.e-form__indicators--type-icon .e-form__indicators__indicator__separator,.e-form__indicators--type-icon_text .e-form__indicators__indicator__separator,.e-form__indicators--type-number .e-form__indicators__indicator__separator,.e-form__indicators--type-number_text .e-form__indicators__indicator__separator{margin-top:calc(var(--e-form-steps-indicator-padding, 30px) \/ 2 - var(--e-form-steps-divider-width, 1px) \/ 2)}.elementor-field-type-hidden{display:none}.elementor-field-type-html{display:inline-block}.elementor-login .elementor-lost-password,.elementor-login .elementor-remember-me{font-size:.85em}.elementor-field-type-recaptcha_v3 .elementor-field-label{display:none}.elementor-field-type-recaptcha_v3 .grecaptcha-badge{z-index:1}.elementor-button .elementor-form-spinner{order:3}.elementor-form .elementor-button>span{display:flex;justify-content:center;align-items:center}.elementor-form .elementor-button .elementor-button-text{white-space:normal;flex-grow:0}.elementor-form .elementor-button svg{height:auto}.elementor-form .elementor-button .e-font-icon-svg{height:1em}.elementor-select-wrapper .select-caret-down-wrapper{position:absolute;top:50%;transform:translateY(-50%);inset-inline-end:10px;pointer-events:none;font-size:11px}.elementor-select-wrapper .select-caret-down-wrapper svg{display:unset;width:1em;aspect-ratio:unset;fill:currentColor}.elementor-select-wrapper .select-caret-down-wrapper i{font-size:19px;line-height:2}.elementor-select-wrapper.remove-before:before{content:\"\"!important}<\/style>\t\t<form class=\"elementor-form\" method=\"post\" name=\"New Form\">\n\t\t\t<input type=\"hidden\" name=\"post_id\" value=\"143\"\/>\n\t\t\t<input type=\"hidden\" name=\"form_id\" value=\"8cd8185\"\/>\n\t\t\t<input type=\"hidden\" name=\"referer_title\" value=\"MYDEKO\" \/>\n\n\t\t\t\n\t\t\t<div class=\"elementor-form-fields-wrapper elementor-labels-above\">\n\t\t\t\t\t\t\t\t<div class=\"elementor-field-type-text elementor-field-group elementor-column elementor-field-group-name elementor-col-30 elementor-field-required\">\n\t\t\t\t\t\t\t\t\t\t\t\t\t<input size=\"1\" type=\"text\" name=\"form_fields[name]\" id=\"form-field-name\" class=\"elementor-field elementor-size-sm  elementor-field-textual\" placeholder=\"J\u016bs\u0173 vardas\" required=\"required\" aria-required=\"true\">\n\t\t\t\t\t\t\t\t\t\t\t<\/div>\n\t\t\t\t\t\t\t\t<div class=\"elementor-field-type-text elementor-field-group elementor-column elementor-field-group-field_af69f45 elementor-col-70 elementor-field-required\">\n\t\t\t\t\t\t\t\t\t\t\t\t\t<input size=\"1\" type=\"text\" name=\"form_fields[field_af69f45]\" id=\"form-field-field_af69f45\" class=\"elementor-field elementor-size-sm  elementor-field-textual\" placeholder=\"arba \u012fmon\u0117s pavadinimas\" required=\"required\" aria-required=\"true\">\n\t\t\t\t\t\t\t\t\t\t\t<\/div>\n\t\t\t\t\t\t\t\t<div class=\"elementor-field-type-email elementor-field-group elementor-column elementor-field-group-email elementor-col-50 elementor-field-required\">\n\t\t\t\t\t\t\t\t\t\t\t\t\t<input size=\"1\" type=\"email\" name=\"form_fields[email]\" id=\"form-field-email\" class=\"elementor-field elementor-size-sm  elementor-field-textual\" placeholder=\"El.pa\u0161tas\" required=\"required\" aria-required=\"true\">\n\t\t\t\t\t\t\t\t\t\t\t<\/div>\n\t\t\t\t\t\t\t\t<div class=\"elementor-field-type-text elementor-field-group elementor-column elementor-field-group-field_79cff7c elementor-col-50 elementor-field-required\">\n\t\t\t\t\t\t\t\t\t\t\t\t\t<input size=\"1\" type=\"text\" name=\"form_fields[field_79cff7c]\" id=\"form-field-field_79cff7c\" class=\"elementor-field elementor-size-sm  elementor-field-textual\" placeholder=\"Telefono numeris\" required=\"required\" aria-required=\"true\">\n\t\t\t\t\t\t\t\t\t\t\t<\/div>\n\t\t\t\t\t\t\t\t<div class=\"elementor-field-type-textarea elementor-field-group elementor-column elementor-field-group-message elementor-col-100\">\n\t\t\t\t\t<textarea class=\"elementor-field-textual elementor-field  elementor-size-sm\" name=\"form_fields[message]\" id=\"form-field-message\" rows=\"4\" placeholder=\"J\u016bs\u0173 klausimai\"><\/textarea>\t\t\t\t<\/div>\n\t\t\t\t\t\t\t\t<div class=\"elementor-field-group elementor-column elementor-field-type-submit elementor-col-25 e-form__buttons\">\n\t\t\t\t\t<button type=\"submit\" class=\"elementor-button elementor-size-sm\">\n\t\t\t\t\t\t<span >\n\t\t\t\t\t\t\t\t\t\t\t\t\t\t\t<span class=\" elementor-button-icon\">\n\t\t\t\t\t\t\t\t\t\t\t\t\t\t\t\t\t\t\t\t\t\t\t\t\t\t<\/span>\n\t\t\t\t\t\t\t\t\t\t\t\t\t\t\t\t\t\t\t\t\t\t<span class=\"elementor-button-text\">SI\u0172STI<\/span>\n\t\t\t\t\t\t\t\t\t\t\t\t\t<\/span>\n\t\t\t\t\t<\/button>\n\t\t\t\t<\/div>\n\t\t\t<\/div>\n\t\t<\/form>\n\t\t\t\t<\/div>\n\t\t\t\t<\/div>\n\t\t\t\t\t<\/div>\n\t\t<\/div>\n\t\t\t\t<div class=\"elementor-column elementor-col-50 elementor-top-column elementor-element elementor-element-c449f26\" data-id=\"c449f26\" data-element_type=\"column\">\n\t\t\t<div class=\"elementor-widget-wrap elementor-element-populated\">\n\t\t\t\t\t\t\t\t<div class=\"elementor-element elementor-element-ca48f8c elementor-widget elementor-widget-google_maps\" data-id=\"ca48f8c\" data-element_type=\"widget\" data-widget_type=\"google_maps.default\">\n\t\t\t\t<div class=\"elementor-widget-container\">\n\t\t\t<style>\/*! elementor - v3.14.0 - 18-06-2023 *\/\n.elementor-widget-google_maps .elementor-widget-container{overflow:hidden}.elementor-widget-google_maps .elementor-custom-embed{line-height:0}.elementor-widget-google_maps iframe{height:300px}<\/style>\t\t<div class=\"elementor-custom-embed\">\n\t\t\t<iframe loading=\"lazy\"\n\t\t\t\t\tsrc=\"https:\/\/maps.google.com\/maps?q=LITHUANIA%20VILNIUS&#038;t=m&#038;z=10&#038;output=embed&#038;iwloc=near\"\n\t\t\t\t\ttitle=\"LITHUANIA VILNIUS\"\n\t\t\t\t\taria-label=\"LITHUANIA VILNIUS\"\n\t\t\t><\/iframe>\n\t\t<\/div>\n\t\t\t\t<\/div>\n\t\t\t\t<\/div>\n\t\t\t\t\t<\/div>\n\t\t<\/div>\n\t\t\t\t\t\t\t<\/div>\n\t\t<\/section>\n\t\t\t\t\t\t\t<\/div>\n\t\t","protected":false},"excerpt":{"rendered":"<p>B2B klientams +370 676 34 679 Fiziniams asmenims +370 680 25800 info@mydeko.lt Si\u0173skite u\u017eklaus\u0105 ir atsakysime per artimiausias 24 val.<\/p>\n","protected":false},"author":1,"featured_media":0,"parent":0,"menu_order":6,"comment_status":"closed","ping_status":"closed","template":"","meta":{"footnotes":""},"class_list":["post-143","page","type-page","status-publish","hentry"],"_links":{"self":[{"href":"https:\/\/mydeko.lt\/sienu-lenteles\/wp-json\/wp\/v2\/pages\/143","targetHints":{"allow":["GET"]}}],"collection":[{"href":"https:\/\/mydeko.lt\/sienu-lenteles\/wp-json\/wp\/v2\/pages"}],"about":[{"href":"https:\/\/mydeko.lt\/sienu-lenteles\/wp-json\/wp\/v2\/types\/page"}],"author":[{"embeddable":true,"href":"https:\/\/mydeko.lt\/sienu-lenteles\/wp-json\/wp\/v2\/users\/1"}],"replies":[{"embeddable":true,"href":"https:\/\/mydeko.lt\/sienu-lenteles\/wp-json\/wp\/v2\/comments?post=143"}],"version-history":[{"count":0,"href":"https:\/\/mydeko.lt\/sienu-lenteles\/wp-json\/wp\/v2\/pages\/143\/revisions"}],"wp:attachment":[{"href":"https:\/\/mydeko.lt\/sienu-lenteles\/wp-json\/wp\/v2\/media?parent=143"}],"curies":[{"name":"wp","href":"https:\/\/api.w.org\/{rel}","templated":true}]}}