{"id":145,"date":"2023-03-10T12:38:03","date_gmt":"2023-03-10T10:38:03","guid":{"rendered":"https:\/\/f4.ecl.lt\/dumedu\/?page_id=145"},"modified":"2023-06-12T15:34:37","modified_gmt":"2023-06-12T12:34:37","slug":"atsiskaitymo-budai-ir-prekiu-pristatymas","status":"publish","type":"page","link":"https:\/\/mydeko.lt\/sienu-lenteles\/atsiskaitymo-budai-ir-prekiu-pristatymas\/","title":{"rendered":"Atsiskaitymo b\u016bdai ir preki\u0173 pristatymas"},"content":{"rendered":"\t\t<div data-elementor-type=\"wp-page\" data-elementor-id=\"145\" class=\"elementor elementor-145\" data-elementor-post-type=\"page\">\n\t\t\t\t\t\t\t\t\t<section class=\"elementor-section elementor-top-section elementor-element elementor-element-9d1290f elementor-section-height-min-height elementor-section-stretched elementor-section-boxed elementor-section-height-default elementor-section-items-middle wd-section-disabled\" data-id=\"9d1290f\" data-element_type=\"section\" data-settings=\"{&quot;stretch_section&quot;:&quot;section-stretched&quot;,&quot;background_background&quot;:&quot;classic&quot;}\">\n\t\t\t\t\t\t<div class=\"elementor-container elementor-column-gap-default\">\n\t\t\t\t\t<div class=\"elementor-column elementor-col-100 elementor-top-column elementor-element elementor-element-2329b09\" data-id=\"2329b09\" data-element_type=\"column\">\n\t\t\t<div class=\"elementor-widget-wrap elementor-element-populated\">\n\t\t\t\t\t\t\t\t<div class=\"elementor-element elementor-element-18c3154 elementor-widget elementor-widget-heading\" data-id=\"18c3154\" data-element_type=\"widget\" data-widget_type=\"heading.default\">\n\t\t\t\t<div class=\"elementor-widget-container\">\n\t\t\t<style>\/*! elementor - v3.14.0 - 18-06-2023 *\/\n.elementor-heading-title{padding:0;margin:0;line-height:1}.elementor-widget-heading .elementor-heading-title[class*=elementor-size-]>a{color:inherit;font-size:inherit;line-height:inherit}.elementor-widget-heading .elementor-heading-title.elementor-size-small{font-size:15px}.elementor-widget-heading .elementor-heading-title.elementor-size-medium{font-size:19px}.elementor-widget-heading .elementor-heading-title.elementor-size-large{font-size:29px}.elementor-widget-heading .elementor-heading-title.elementor-size-xl{font-size:39px}.elementor-widget-heading .elementor-heading-title.elementor-size-xxl{font-size:59px}<\/style><h2 class=\"elementor-heading-title elementor-size-default\">Atsiskaitymo b\u016bdai ir preki\u0173 pristatymas<\/h2>\t\t<\/div>\n\t\t\t\t<\/div>\n\t\t\t\t\t<\/div>\n\t\t<\/div>\n\t\t\t\t\t\t\t<\/div>\n\t\t<\/section>\n\t\t\t\t<section class=\"wd-negative-gap elementor-section elementor-top-section elementor-element elementor-element-687fc26 elementor-section-boxed elementor-section-height-default elementor-section-height-default wd-section-disabled\" data-id=\"687fc26\" data-element_type=\"section\">\n\t\t\t\t\t\t<div class=\"elementor-container elementor-column-gap-default\">\n\t\t\t\t\t<div class=\"elementor-column elementor-col-100 elementor-top-column elementor-element elementor-element-e931fca\" data-id=\"e931fca\" data-element_type=\"column\">\n\t\t\t<div class=\"elementor-widget-wrap elementor-element-populated\">\n\t\t\t\t\t\t\t\t<div class=\"elementor-element elementor-element-0cacbf1 elementor-widget elementor-widget-heading\" data-id=\"0cacbf1\" data-element_type=\"widget\" data-widget_type=\"heading.default\">\n\t\t\t\t<div class=\"elementor-widget-container\">\n\t\t\t<p class=\"elementor-heading-title elementor-size-default\">ATSISKAITYMO U\u017d PREKES B\u016aDAI<\/p>\t\t<\/div>\n\t\t\t\t<\/div>\n\t\t\t\t<div class=\"elementor-element elementor-element-dce55c7 text-center color-scheme-inherit elementor-widget elementor-widget-text-editor\" data-id=\"dce55c7\" data-element_type=\"widget\" data-widget_type=\"text-editor.default\">\n\t\t\t\t<div class=\"elementor-widget-container\">\n\t\t\t<style>\/*! elementor - v3.14.0 - 18-06-2023 *\/\n.elementor-widget-text-editor.elementor-drop-cap-view-stacked .elementor-drop-cap{background-color:#69727d;color:#fff}.elementor-widget-text-editor.elementor-drop-cap-view-framed .elementor-drop-cap{color:#69727d;border:3px solid;background-color:transparent}.elementor-widget-text-editor:not(.elementor-drop-cap-view-default) .elementor-drop-cap{margin-top:8px}.elementor-widget-text-editor:not(.elementor-drop-cap-view-default) .elementor-drop-cap-letter{width:1em;height:1em}.elementor-widget-text-editor .elementor-drop-cap{float:left;text-align:center;line-height:1;font-size:50px}.elementor-widget-text-editor .elementor-drop-cap-letter{display:inline-block}<\/style>\t\t\t\t<p>\u0160iuo metu internetin\u0117je parduotuv\u0117je atsiskaityti galima \u0161iais b\u016bdais:<\/p>\t\t\t\t\t\t<\/div>\n\t\t\t\t<\/div>\n\t\t\t\t<div class=\"elementor-element elementor-element-d3d8920 elementor-widget elementor-widget-image\" data-id=\"d3d8920\" data-element_type=\"widget\" data-widget_type=\"image.default\">\n\t\t\t\t<div class=\"elementor-widget-container\">\n\t\t\t<style>\/*! elementor - v3.14.0 - 18-06-2023 *\/\n.elementor-widget-image{text-align:center}.elementor-widget-image a{display:inline-block}.elementor-widget-image a img[src$=\".svg\"]{width:48px}.elementor-widget-image img{vertical-align:middle;display:inline-block}<\/style>\t\t\t\t\t\t\t\t\t\t\t\t<img loading=\"lazy\" decoding=\"async\" width=\"711\" height=\"159\" src=\"https:\/\/mydeko.lt\/sienu-lenteles\/wp-content\/uploads\/2023\/03\/bankai.png\" class=\"attachment-large size-large wp-image-136\" alt=\"\" srcset=\"https:\/\/mydeko.lt\/sienu-lenteles\/wp-content\/uploads\/2023\/03\/bankai.png 711w, https:\/\/mydeko.lt\/sienu-lenteles\/wp-content\/uploads\/2023\/03\/bankai-600x134.png 600w, https:\/\/mydeko.lt\/sienu-lenteles\/wp-content\/uploads\/2023\/03\/bankai-150x34.png 150w, https:\/\/mydeko.lt\/sienu-lenteles\/wp-content\/uploads\/2023\/03\/bankai-300x67.png 300w\" sizes=\"auto, (max-width: 711px) 100vw, 711px\" \/>\t\t\t\t\t\t\t\t\t\t\t\t\t\t\t<\/div>\n\t\t\t\t<\/div>\n\t\t\t\t<div class=\"elementor-element elementor-element-d929f3c color-scheme-inherit text-left elementor-widget elementor-widget-text-editor\" data-id=\"d929f3c\" data-element_type=\"widget\" data-widget_type=\"text-editor.default\">\n\t\t\t\t<div class=\"elementor-widget-container\">\n\t\t\t\t\t\t\t<p><strong>PREKI\u0172 PRISTATYMAS<\/strong><\/p><p>Prekes pristatome visoje Lietuvoje. Visuomet stengiam\u0117s, kad internetin\u0117je parduotuv\u0117je www.mydeko.lt u\u017esakytos prek\u0117s pirk\u0117jus pasiekt\u0173 kaip \u012fmanoma grei\u010diau. Esant liku\u010diui prekes pristatome per 1-9 darbo dienas, atsi\u017evelgiant \u012f transporto kompanijos u\u017eimtum\u0105.<\/p><p>Jei preki\u0173 pristatymo terminas yra itin aktualus, pra\u0161ome susisiekti su m\u016bs\u0173 konsultantais bei pasitikslinti d\u0117l numatomo pristatymo termino, klient\u0173 aptarnavimo centro el. pa\u0161to adresu <a href=\"mailto:info@mydeko.lt\">info@mydeko.lt<\/a><u>\u00a0 <\/u>arba tel. nr. +37068025800<\/p><p>\u0160iuo metu visas prekes parduodamas internetin\u0117je parduotuv\u0117je www.mydeko.lt pristatome <strong>tik kurjerio pagalba<\/strong>. Esant poreikiui, yra galimyb\u0117 u\u017esakytas prekes atsiimti patiems, Vilniaus raj. esan\u010diame sand\u0117lyje.<\/p><p><strong><u>Svarbi informacija apie preki\u0173 pristatym\u0105<\/u><\/strong><\/p><p>Papildoma<strong>\u00a0informacija kurjeriui.<\/strong>\u00a0Siekdami, kad J\u016bs\u0173 u\u017esakytos prek\u0117s b\u016bt\u0173 pristatomos operatyviai, pra\u0161ome J\u016bs\u0173 nurodyti papildom\u0105 informacij\u0105 kurjeriui, kuri palengvint\u0173 pristatymo proces\u0105, pvz. b\u016btinyb\u0117 atva\u017eiavus paskambinti ir pan.<\/p><p><strong>Asmens dokumento pateikimas.<\/strong>\u00a0Pristatymo metu, kurjeris gali pareikalauti pateikite asmens tapatyb\u0117s dokument\u0105 (vairuotojo pa\u017eym\u0117jim\u0105, asmens tapatyb\u0117s kortel\u0119 ar kit\u0105 dokument\u0105), patvirtinant\u012f gav\u0117jo tapatyb\u0119.\u00a0Jeigu prek\u0119 atsiims kitas asmuo, nurodykite jo vard\u0105 ir pavard\u0119 u\u017esakymo metu.<\/p><p><strong>Siuntos patikrinimas pristatymo metu.<\/strong>\u00a0 Preki\u0173 pristatymo metu patikrinkite i\u0161orin\u0119 siuntos b\u016bkl\u0119 dalyvaujant kurjeriui. Pasteb\u0117jus bent menkiausi\u0105 siuntos pa\u017eeidim\u0105, b\u016btina sura\u0161yti pastabas kurjeriui apie siuntos pa\u017eeidimus arba atsisakyti priimti siunt\u0105. Pri\u0117mus siunt\u0105 ir pasira\u0161ius siuntos dokumentus be pastab\u0173, laikoma, kad siunta perduota kokybi\u0161ka ir tokiu atveju pretenzijos d\u0117l prek\u0117s pa\u017eeidim\u0173 nebebus priimamos.<\/p><p><strong>Pristatymo laikas.<\/strong>\u00a0 Kurjeri\u0173 tarnyba u\u017esakymus pristato tik darbo dienomis. Paprastai, prie\u0161 atvykstant kurjeris susisiekia su siuntos gav\u0117ju suderinti atvykimo laik\u0105.<\/p><p><strong>Sunki\u0173 ir nestandartini\u0173 siunt\u0173 pristatymas.<\/strong>\u00a0 Sunkesnes nei 30 kg. siuntas kurjeris pristatys iki nurodyto adreso namo laiptin\u0117s ar kiemo. Tokiu atveju tur\u0117site savaranki\u0161kai pasir\u016bpinti siuntos nune\u0161imu nuo kurjerio automobilio iki J\u016bs\u0173 nam\u0173 ar biuro, jeigu nesutarta kitaip (pristatymas \u201eiki dur\u0173\u201c).<\/p><p>Atkreipiame d\u0117mes\u012f, jog dideli\u0173 i\u0161matavim\u0173 siuntas kurjeri\u0173 tarnybos pristato su dideli\u0173 gabarit\u0173 transporto priemon\u0117mis, tod\u0117l \u012fsitikinkite, jog kurjeris gal\u0117s priva\u017eiuoti J\u016bs\u0173 nurodytu adresu. Jei priva\u017eiuoti nebus galimyb\u0117s \u2013 kurjeris i\u0161kraus J\u016bs\u0173 siunt\u0105 artimiausioje \u012fmanomoje vietoje.<\/p>\t\t\t\t\t\t<\/div>\n\t\t\t\t<\/div>\n\t\t\t\t\t<\/div>\n\t\t<\/div>\n\t\t\t\t\t\t\t<\/div>\n\t\t<\/section>\n\t\t\t\t\t\t\t<\/div>\n\t\t","protected":false},"excerpt":{"rendered":"<p>ATSISKAITYMO U\u017d PREKES B\u016aDAI \u0160iuo metu internetin\u0117je parduotuv\u0117je atsiskaityti galima \u0161iais b\u016bdais: PREKI\u0172 PRISTATYMAS Prekes pristatome visoje Lietuvoje. Visuomet stengiam\u0117s,<\/p>\n","protected":false},"author":1,"featured_media":0,"parent":0,"menu_order":1100,"comment_status":"closed","ping_status":"closed","template":"","meta":{"footnotes":""},"class_list":["post-145","page","type-page","status-publish","hentry"],"_links":{"self":[{"href":"https:\/\/mydeko.lt\/sienu-lenteles\/wp-json\/wp\/v2\/pages\/145","targetHints":{"allow":["GET"]}}],"collection":[{"href":"https:\/\/mydeko.lt\/sienu-lenteles\/wp-json\/wp\/v2\/pages"}],"about":[{"href":"https:\/\/mydeko.lt\/sienu-lenteles\/wp-json\/wp\/v2\/types\/page"}],"author":[{"embeddable":true,"href":"https:\/\/mydeko.lt\/sienu-lenteles\/wp-json\/wp\/v2\/users\/1"}],"replies":[{"embeddable":true,"href":"https:\/\/mydeko.lt\/sienu-lenteles\/wp-json\/wp\/v2\/comments?post=145"}],"version-history":[{"count":0,"href":"https:\/\/mydeko.lt\/sienu-lenteles\/wp-json\/wp\/v2\/pages\/145\/revisions"}],"wp:attachment":[{"href":"https:\/\/mydeko.lt\/sienu-lenteles\/wp-json\/wp\/v2\/media?parent=145"}],"curies":[{"name":"wp","href":"https:\/\/api.w.org\/{rel}","templated":true}]}}