{"id":1797,"date":"2023-03-26T19:53:55","date_gmt":"2023-03-26T16:53:55","guid":{"rendered":"https:\/\/mydeko.lt\/?page_id=1797"},"modified":"2023-05-25T10:37:24","modified_gmt":"2023-05-25T07:37:24","slug":"montavimo-instrukcija","status":"publish","type":"page","link":"https:\/\/mydeko.lt\/sienu-lenteles\/montavimo-instrukcija\/","title":{"rendered":"Montavimo instrukcija"},"content":{"rendered":"\t\t<div data-elementor-type=\"wp-page\" data-elementor-id=\"1797\" class=\"elementor elementor-1797\" data-elementor-post-type=\"page\">\n\t\t\t\t\t\t\t\t\t<section class=\"elementor-section elementor-top-section elementor-element elementor-element-b835af6 elementor-section-height-min-height elementor-section-stretched elementor-section-boxed elementor-section-height-default elementor-section-items-middle wd-section-disabled\" data-id=\"b835af6\" data-element_type=\"section\" data-settings=\"{&quot;stretch_section&quot;:&quot;section-stretched&quot;,&quot;background_background&quot;:&quot;classic&quot;}\">\n\t\t\t\t\t\t<div class=\"elementor-container elementor-column-gap-default\">\n\t\t\t\t\t<div class=\"elementor-column elementor-col-100 elementor-top-column elementor-element elementor-element-ae85a68\" data-id=\"ae85a68\" data-element_type=\"column\">\n\t\t\t<div class=\"elementor-widget-wrap elementor-element-populated\">\n\t\t\t\t\t\t\t\t<div class=\"elementor-element elementor-element-665cbce elementor-widget elementor-widget-heading\" data-id=\"665cbce\" data-element_type=\"widget\" data-widget_type=\"heading.default\">\n\t\t\t\t<div class=\"elementor-widget-container\">\n\t\t\t<style>\/*! elementor - v3.14.0 - 18-06-2023 *\/\n.elementor-heading-title{padding:0;margin:0;line-height:1}.elementor-widget-heading .elementor-heading-title[class*=elementor-size-]>a{color:inherit;font-size:inherit;line-height:inherit}.elementor-widget-heading .elementor-heading-title.elementor-size-small{font-size:15px}.elementor-widget-heading .elementor-heading-title.elementor-size-medium{font-size:19px}.elementor-widget-heading .elementor-heading-title.elementor-size-large{font-size:29px}.elementor-widget-heading .elementor-heading-title.elementor-size-xl{font-size:39px}.elementor-widget-heading .elementor-heading-title.elementor-size-xxl{font-size:59px}<\/style><h2 class=\"elementor-heading-title elementor-size-default\">Montavimo instrukcija<\/h2>\t\t<\/div>\n\t\t\t\t<\/div>\n\t\t\t\t\t<\/div>\n\t\t<\/div>\n\t\t\t\t\t\t\t<\/div>\n\t\t<\/section>\n\t\t\t\t<section class=\"wd-negative-gap elementor-section elementor-top-section elementor-element elementor-element-2fdcb55 elementor-section-boxed elementor-section-height-default elementor-section-height-default wd-section-disabled\" data-id=\"2fdcb55\" data-element_type=\"section\">\n\t\t\t\t\t\t<div class=\"elementor-container elementor-column-gap-default\">\n\t\t\t\t\t<div class=\"elementor-column elementor-col-100 elementor-top-column elementor-element elementor-element-4d6602f\" data-id=\"4d6602f\" data-element_type=\"column\">\n\t\t\t<div class=\"elementor-widget-wrap elementor-element-populated\">\n\t\t\t\t\t\t\t\t<section class=\"wd-negative-gap elementor-section elementor-inner-section elementor-element elementor-element-7e2022e elementor-section-boxed elementor-section-height-default elementor-section-height-default wd-section-disabled\" data-id=\"7e2022e\" data-element_type=\"section\">\n\t\t\t\t\t\t<div class=\"elementor-container elementor-column-gap-default\">\n\t\t\t\t\t<div class=\"elementor-column elementor-col-33 elementor-inner-column elementor-element elementor-element-31df7e1\" data-id=\"31df7e1\" data-element_type=\"column\">\n\t\t\t<div class=\"elementor-widget-wrap elementor-element-populated\">\n\t\t\t\t\t\t\t\t<div class=\"elementor-element elementor-element-80698ab elementor-widget elementor-widget-image\" data-id=\"80698ab\" data-element_type=\"widget\" data-widget_type=\"image.default\">\n\t\t\t\t<div class=\"elementor-widget-container\">\n\t\t\t<style>\/*! elementor - v3.14.0 - 18-06-2023 *\/\n.elementor-widget-image{text-align:center}.elementor-widget-image a{display:inline-block}.elementor-widget-image a img[src$=\".svg\"]{width:48px}.elementor-widget-image img{vertical-align:middle;display:inline-block}<\/style>\t\t\t\t\t\t\t\t\t\t\t\t<img loading=\"lazy\" decoding=\"async\" width=\"768\" height=\"778\" src=\"https:\/\/mydeko.lt\/sienu-lenteles\/wp-content\/uploads\/2023\/04\/Panel-icon-06-768x778.png\" class=\"attachment-medium_large size-medium_large wp-image-2251\" alt=\"\" srcset=\"https:\/\/mydeko.lt\/sienu-lenteles\/wp-content\/uploads\/2023\/04\/Panel-icon-06-768x778.png 768w, https:\/\/mydeko.lt\/sienu-lenteles\/wp-content\/uploads\/2023\/04\/Panel-icon-06-296x300.png 296w, https:\/\/mydeko.lt\/sienu-lenteles\/wp-content\/uploads\/2023\/04\/Panel-icon-06-600x608.png 600w, https:\/\/mydeko.lt\/sienu-lenteles\/wp-content\/uploads\/2023\/04\/Panel-icon-06-800x810.png 800w, https:\/\/mydeko.lt\/sienu-lenteles\/wp-content\/uploads\/2023\/04\/Panel-icon-06-150x152.png 150w, https:\/\/mydeko.lt\/sienu-lenteles\/wp-content\/uploads\/2023\/04\/Panel-icon-06.png 926w\" sizes=\"auto, (max-width: 768px) 100vw, 768px\" \/>\t\t\t\t\t\t\t\t\t\t\t\t\t\t\t<\/div>\n\t\t\t\t<\/div>\n\t\t\t\t<div class=\"elementor-element elementor-element-3be388d elementor-widget elementor-widget-heading\" data-id=\"3be388d\" data-element_type=\"widget\" data-widget_type=\"heading.default\">\n\t\t\t\t<div class=\"elementor-widget-container\">\n\t\t\t<div class=\"elementor-heading-title elementor-size-default\">1 \u017eingsnis \n<\/div>\t\t<\/div>\n\t\t\t\t<\/div>\n\t\t\t\t<div class=\"elementor-element elementor-element-b1ce43e color-scheme-inherit text-left elementor-widget elementor-widget-text-editor\" data-id=\"b1ce43e\" data-element_type=\"widget\" data-widget_type=\"text-editor.default\">\n\t\t\t\t<div class=\"elementor-widget-container\">\n\t\t\t<style>\/*! elementor - v3.14.0 - 18-06-2023 *\/\n.elementor-widget-text-editor.elementor-drop-cap-view-stacked .elementor-drop-cap{background-color:#69727d;color:#fff}.elementor-widget-text-editor.elementor-drop-cap-view-framed .elementor-drop-cap{color:#69727d;border:3px solid;background-color:transparent}.elementor-widget-text-editor:not(.elementor-drop-cap-view-default) .elementor-drop-cap{margin-top:8px}.elementor-widget-text-editor:not(.elementor-drop-cap-view-default) .elementor-drop-cap-letter{width:1em;height:1em}.elementor-widget-text-editor .elementor-drop-cap{float:left;text-align:center;line-height:1;font-size:50px}.elementor-widget-text-editor .elementor-drop-cap-letter{display:inline-block}<\/style>\t\t\t\t<p>Paruo\u0161kite pavir\u0161i\u0173 ant kurio bus montuojamos sien\u0173 panel\u0117s. Galite montuoti ant tinkuotos sienos, gipso kartono, medienos pavir\u0161i\u0173. Esant ant sienos popieriaus liku\u010di\u0173, rekomenduojame juos pa\u0161alinti.<\/p>\t\t\t\t\t\t<\/div>\n\t\t\t\t<\/div>\n\t\t\t\t\t<\/div>\n\t\t<\/div>\n\t\t\t\t<div class=\"elementor-column elementor-col-33 elementor-inner-column elementor-element elementor-element-5c57096\" data-id=\"5c57096\" data-element_type=\"column\">\n\t\t\t<div class=\"elementor-widget-wrap elementor-element-populated\">\n\t\t\t\t\t\t\t\t<div class=\"elementor-element elementor-element-631c8b6 elementor-widget elementor-widget-image\" data-id=\"631c8b6\" data-element_type=\"widget\" data-widget_type=\"image.default\">\n\t\t\t\t<div class=\"elementor-widget-container\">\n\t\t\t\t\t\t\t\t\t\t\t\t\t\t\t<img loading=\"lazy\" decoding=\"async\" width=\"641\" height=\"529\" src=\"https:\/\/mydeko.lt\/sienu-lenteles\/wp-content\/uploads\/2023\/04\/2-icon.png\" class=\"attachment-medium_large size-medium_large wp-image-2507\" alt=\"\" srcset=\"https:\/\/mydeko.lt\/sienu-lenteles\/wp-content\/uploads\/2023\/04\/2-icon.png 641w, https:\/\/mydeko.lt\/sienu-lenteles\/wp-content\/uploads\/2023\/04\/2-icon-300x248.png 300w, https:\/\/mydeko.lt\/sienu-lenteles\/wp-content\/uploads\/2023\/04\/2-icon-600x495.png 600w, https:\/\/mydeko.lt\/sienu-lenteles\/wp-content\/uploads\/2023\/04\/2-icon-150x124.png 150w\" sizes=\"auto, (max-width: 641px) 100vw, 641px\" \/>\t\t\t\t\t\t\t\t\t\t\t\t\t\t\t<\/div>\n\t\t\t\t<\/div>\n\t\t\t\t<div class=\"elementor-element elementor-element-1f88640 elementor-widget elementor-widget-heading\" data-id=\"1f88640\" data-element_type=\"widget\" data-widget_type=\"heading.default\">\n\t\t\t\t<div class=\"elementor-widget-container\">\n\t\t\t<div class=\"elementor-heading-title elementor-size-default\">2 \u017eingsnis<\/div>\t\t<\/div>\n\t\t\t\t<\/div>\n\t\t\t\t<div class=\"elementor-element elementor-element-59581f4 color-scheme-inherit text-left elementor-widget elementor-widget-text-editor\" data-id=\"59581f4\" data-element_type=\"widget\" data-widget_type=\"text-editor.default\">\n\t\t\t\t<div class=\"elementor-widget-container\">\n\t\t\t\t\t\t\t<p>Pamatuokite reikaling\u0105 sien\u0173 lenteli\u0173 ilg\u012f ir nupjaukite rankiniu pj\u016bkleliu ar pjovimo stakl\u0117mis.<\/p>\t\t\t\t\t\t<\/div>\n\t\t\t\t<\/div>\n\t\t\t\t\t<\/div>\n\t\t<\/div>\n\t\t\t\t<div class=\"elementor-column elementor-col-33 elementor-inner-column elementor-element elementor-element-4e4f651\" data-id=\"4e4f651\" data-element_type=\"column\">\n\t\t\t<div class=\"elementor-widget-wrap elementor-element-populated\">\n\t\t\t\t\t\t\t\t<div class=\"elementor-element elementor-element-0790905 elementor-widget elementor-widget-image\" data-id=\"0790905\" data-element_type=\"widget\" data-widget_type=\"image.default\">\n\t\t\t\t<div class=\"elementor-widget-container\">\n\t\t\t\t\t\t\t\t\t\t\t\t\t\t\t<img loading=\"lazy\" decoding=\"async\" width=\"768\" height=\"778\" src=\"https:\/\/mydeko.lt\/sienu-lenteles\/wp-content\/uploads\/2023\/04\/Panel-icon-02-768x778.png\" class=\"attachment-medium_large size-medium_large wp-image-2253\" alt=\"\" srcset=\"https:\/\/mydeko.lt\/sienu-lenteles\/wp-content\/uploads\/2023\/04\/Panel-icon-02-768x778.png 768w, https:\/\/mydeko.lt\/sienu-lenteles\/wp-content\/uploads\/2023\/04\/Panel-icon-02-296x300.png 296w, https:\/\/mydeko.lt\/sienu-lenteles\/wp-content\/uploads\/2023\/04\/Panel-icon-02-600x608.png 600w, https:\/\/mydeko.lt\/sienu-lenteles\/wp-content\/uploads\/2023\/04\/Panel-icon-02-800x810.png 800w, https:\/\/mydeko.lt\/sienu-lenteles\/wp-content\/uploads\/2023\/04\/Panel-icon-02-150x152.png 150w, https:\/\/mydeko.lt\/sienu-lenteles\/wp-content\/uploads\/2023\/04\/Panel-icon-02.png 926w\" sizes=\"auto, (max-width: 768px) 100vw, 768px\" \/>\t\t\t\t\t\t\t\t\t\t\t\t\t\t\t<\/div>\n\t\t\t\t<\/div>\n\t\t\t\t<div class=\"elementor-element elementor-element-323767f elementor-widget elementor-widget-heading\" data-id=\"323767f\" data-element_type=\"widget\" data-widget_type=\"heading.default\">\n\t\t\t\t<div class=\"elementor-widget-container\">\n\t\t\t<div class=\"elementor-heading-title elementor-size-default\">3  \u017eingsnis<\/div>\t\t<\/div>\n\t\t\t\t<\/div>\n\t\t\t\t<div class=\"elementor-element elementor-element-3da7405 color-scheme-inherit text-left elementor-widget elementor-widget-text-editor\" data-id=\"3da7405\" data-element_type=\"widget\" data-widget_type=\"text-editor.default\">\n\t\t\t\t<div class=\"elementor-widget-container\">\n\t\t\t\t\t\t\t<p>Padenkite klijais sien\u0173 lentel\u0117s pavir\u0161i\u0173.<\/p>\t\t\t\t\t\t<\/div>\n\t\t\t\t<\/div>\n\t\t\t\t\t<\/div>\n\t\t<\/div>\n\t\t\t\t\t\t\t<\/div>\n\t\t<\/section>\n\t\t\t\t<section class=\"wd-negative-gap elementor-section elementor-inner-section elementor-element elementor-element-fe0a6cb elementor-section-boxed elementor-section-height-default elementor-section-height-default wd-section-disabled\" data-id=\"fe0a6cb\" data-element_type=\"section\">\n\t\t\t\t\t\t<div class=\"elementor-container elementor-column-gap-default\">\n\t\t\t\t\t<div class=\"elementor-column elementor-col-33 elementor-inner-column elementor-element elementor-element-7f6583a\" data-id=\"7f6583a\" data-element_type=\"column\">\n\t\t\t<div class=\"elementor-widget-wrap elementor-element-populated\">\n\t\t\t\t\t\t\t\t<div class=\"elementor-element elementor-element-6c5f63d elementor-widget elementor-widget-image\" data-id=\"6c5f63d\" data-element_type=\"widget\" data-widget_type=\"image.default\">\n\t\t\t\t<div class=\"elementor-widget-container\">\n\t\t\t\t\t\t\t\t\t\t\t\t\t\t\t<img loading=\"lazy\" decoding=\"async\" width=\"768\" height=\"427\" src=\"https:\/\/mydeko.lt\/sienu-lenteles\/wp-content\/uploads\/2023\/04\/1-icon-1-768x427.png\" class=\"attachment-medium_large size-medium_large wp-image-2506\" alt=\"\" srcset=\"https:\/\/mydeko.lt\/sienu-lenteles\/wp-content\/uploads\/2023\/04\/1-icon-1-768x427.png 768w, https:\/\/mydeko.lt\/sienu-lenteles\/wp-content\/uploads\/2023\/04\/1-icon-1-300x167.png 300w, https:\/\/mydeko.lt\/sienu-lenteles\/wp-content\/uploads\/2023\/04\/1-icon-1-1024x569.png 1024w, https:\/\/mydeko.lt\/sienu-lenteles\/wp-content\/uploads\/2023\/04\/1-icon-1-600x334.png 600w, https:\/\/mydeko.lt\/sienu-lenteles\/wp-content\/uploads\/2023\/04\/1-icon-1-800x445.png 800w, https:\/\/mydeko.lt\/sienu-lenteles\/wp-content\/uploads\/2023\/04\/1-icon-1-150x83.png 150w, https:\/\/mydeko.lt\/sienu-lenteles\/wp-content\/uploads\/2023\/04\/1-icon-1.png 1063w\" sizes=\"auto, (max-width: 768px) 100vw, 768px\" \/>\t\t\t\t\t\t\t\t\t\t\t\t\t\t\t<\/div>\n\t\t\t\t<\/div>\n\t\t\t\t<div class=\"elementor-element elementor-element-ef8cb84 elementor-widget elementor-widget-heading\" data-id=\"ef8cb84\" data-element_type=\"widget\" data-widget_type=\"heading.default\">\n\t\t\t\t<div class=\"elementor-widget-container\">\n\t\t\t<div class=\"elementor-heading-title elementor-size-default\">4  \u017eingsnis<\/div>\t\t<\/div>\n\t\t\t\t<\/div>\n\t\t\t\t<div class=\"elementor-element elementor-element-ed0c860 color-scheme-inherit text-left elementor-widget elementor-widget-text-editor\" data-id=\"ed0c860\" data-element_type=\"widget\" data-widget_type=\"text-editor.default\">\n\t\t\t\t<div class=\"elementor-widget-container\">\n\t\t\t\t\t\t\t<p>Sien\u0173 lentel\u0117s viena su kita gra\u017eiai susijungia, gali b\u016bti montuojamos tiek vertikaliai, tiek horizontaliai. Be klij\u0173 galite naudoti kabi\u0173 pistolet\u0105.<\/p>\t\t\t\t\t\t<\/div>\n\t\t\t\t<\/div>\n\t\t\t\t\t<\/div>\n\t\t<\/div>\n\t\t\t\t<div class=\"elementor-column elementor-col-33 elementor-inner-column elementor-element elementor-element-ac92bf7\" data-id=\"ac92bf7\" data-element_type=\"column\">\n\t\t\t<div class=\"elementor-widget-wrap elementor-element-populated\">\n\t\t\t\t\t\t\t\t<div class=\"elementor-element elementor-element-2d2d4bd elementor-widget elementor-widget-image\" data-id=\"2d2d4bd\" data-element_type=\"widget\" data-widget_type=\"image.default\">\n\t\t\t\t<div class=\"elementor-widget-container\">\n\t\t\t\t\t\t\t\t\t\t\t\t\t\t\t<img loading=\"lazy\" decoding=\"async\" width=\"201\" height=\"300\" src=\"https:\/\/mydeko.lt\/sienu-lenteles\/wp-content\/uploads\/2023\/04\/4-icon-1-201x300.png\" class=\"attachment-medium size-medium wp-image-2719\" alt=\"\" srcset=\"https:\/\/mydeko.lt\/sienu-lenteles\/wp-content\/uploads\/2023\/04\/4-icon-1-201x300.png 201w, https:\/\/mydeko.lt\/sienu-lenteles\/wp-content\/uploads\/2023\/04\/4-icon-1-150x223.png 150w, https:\/\/mydeko.lt\/sienu-lenteles\/wp-content\/uploads\/2023\/04\/4-icon-1.png 580w\" sizes=\"auto, (max-width: 201px) 100vw, 201px\" \/>\t\t\t\t\t\t\t\t\t\t\t\t\t\t\t<\/div>\n\t\t\t\t<\/div>\n\t\t\t\t<div class=\"elementor-element elementor-element-cfcb5bd elementor-widget elementor-widget-heading\" data-id=\"cfcb5bd\" data-element_type=\"widget\" data-widget_type=\"heading.default\">\n\t\t\t\t<div class=\"elementor-widget-container\">\n\t\t\t<div class=\"elementor-heading-title elementor-size-default\">5  \u017eingsnis<\/div>\t\t<\/div>\n\t\t\t\t<\/div>\n\t\t\t\t<div class=\"elementor-element elementor-element-50da2bb color-scheme-inherit text-left elementor-widget elementor-widget-text-editor\" data-id=\"50da2bb\" data-element_type=\"widget\" data-widget_type=\"text-editor.default\">\n\t\t\t\t<div class=\"elementor-widget-container\">\n\t\t\t\t\t\t\t<p>Dekoratyvin\u0117s lentel\u0117s susijungia 90 laipsni\u0173 kampu<\/p>\t\t\t\t\t\t<\/div>\n\t\t\t\t<\/div>\n\t\t\t\t\t<\/div>\n\t\t<\/div>\n\t\t\t\t<div class=\"elementor-column elementor-col-33 elementor-inner-column elementor-element elementor-element-dd0960b\" data-id=\"dd0960b\" data-element_type=\"column\">\n\t\t\t<div class=\"elementor-widget-wrap elementor-element-populated\">\n\t\t\t\t\t\t\t\t<div class=\"elementor-element elementor-element-5d950d5 elementor-widget elementor-widget-image\" data-id=\"5d950d5\" data-element_type=\"widget\" data-widget_type=\"image.default\">\n\t\t\t\t<div class=\"elementor-widget-container\">\n\t\t\t\t\t\t\t\t\t\t\t\t\t\t\t<img loading=\"lazy\" decoding=\"async\" width=\"641\" height=\"529\" src=\"https:\/\/mydeko.lt\/sienu-lenteles\/wp-content\/uploads\/2023\/04\/3-icon.png\" class=\"attachment-medium_large size-medium_large wp-image-2508\" alt=\"\" srcset=\"https:\/\/mydeko.lt\/sienu-lenteles\/wp-content\/uploads\/2023\/04\/3-icon.png 641w, https:\/\/mydeko.lt\/sienu-lenteles\/wp-content\/uploads\/2023\/04\/3-icon-300x248.png 300w, https:\/\/mydeko.lt\/sienu-lenteles\/wp-content\/uploads\/2023\/04\/3-icon-600x495.png 600w, https:\/\/mydeko.lt\/sienu-lenteles\/wp-content\/uploads\/2023\/04\/3-icon-150x124.png 150w\" sizes=\"auto, (max-width: 641px) 100vw, 641px\" \/>\t\t\t\t\t\t\t\t\t\t\t\t\t\t\t<\/div>\n\t\t\t\t<\/div>\n\t\t\t\t<div class=\"elementor-element elementor-element-1949b1d elementor-widget elementor-widget-heading\" data-id=\"1949b1d\" data-element_type=\"widget\" data-widget_type=\"heading.default\">\n\t\t\t\t<div class=\"elementor-widget-container\">\n\t\t\t<div class=\"elementor-heading-title elementor-size-default\">6  \u017eingsnis<\/div>\t\t<\/div>\n\t\t\t\t<\/div>\n\t\t\t\t<div class=\"elementor-element elementor-element-c83853c color-scheme-inherit text-left elementor-widget elementor-widget-text-editor\" data-id=\"c83853c\" data-element_type=\"widget\" data-widget_type=\"text-editor.default\">\n\t\t\t\t<div class=\"elementor-widget-container\">\n\t\t\t\t\t\t\t<p>Galutiniam esteti\u0161kam vaizdui i\u0161gauti, naudokite sien\u0173 lenteli\u0173 u\u017ebaigimo kra\u0161tus.<\/p>\t\t\t\t\t\t<\/div>\n\t\t\t\t<\/div>\n\t\t\t\t\t<\/div>\n\t\t<\/div>\n\t\t\t\t\t\t\t<\/div>\n\t\t<\/section>\n\t\t\t\t\t<\/div>\n\t\t<\/div>\n\t\t\t\t\t\t\t<\/div>\n\t\t<\/section>\n\t\t\t\t\t\t\t<\/div>\n\t\t","protected":false},"excerpt":{"rendered":"<p>1 \u017eingsnis Paruo\u0161kite pavir\u0161i\u0173 ant kurio bus montuojamos sien\u0173 panel\u0117s. Galite montuoti ant tinkuotos sienos, gipso kartono, medienos pavir\u0161i\u0173. Esant<\/p>\n","protected":false},"author":1,"featured_media":0,"parent":0,"menu_order":5,"comment_status":"closed","ping_status":"closed","template":"","meta":{"footnotes":""},"class_list":["post-1797","page","type-page","status-publish","hentry"],"_links":{"self":[{"href":"https:\/\/mydeko.lt\/sienu-lenteles\/wp-json\/wp\/v2\/pages\/1797","targetHints":{"allow":["GET"]}}],"collection":[{"href":"https:\/\/mydeko.lt\/sienu-lenteles\/wp-json\/wp\/v2\/pages"}],"about":[{"href":"https:\/\/mydeko.lt\/sienu-lenteles\/wp-json\/wp\/v2\/types\/page"}],"author":[{"embeddable":true,"href":"https:\/\/mydeko.lt\/sienu-lenteles\/wp-json\/wp\/v2\/users\/1"}],"replies":[{"embeddable":true,"href":"https:\/\/mydeko.lt\/sienu-lenteles\/wp-json\/wp\/v2\/comments?post=1797"}],"version-history":[{"count":0,"href":"https:\/\/mydeko.lt\/sienu-lenteles\/wp-json\/wp\/v2\/pages\/1797\/revisions"}],"wp:attachment":[{"href":"https:\/\/mydeko.lt\/sienu-lenteles\/wp-json\/wp\/v2\/media?parent=1797"}],"curies":[{"name":"wp","href":"https:\/\/api.w.org\/{rel}","templated":true}]}}