{"id":5325,"date":"2023-06-06T12:52:24","date_gmt":"2023-06-06T09:52:24","guid":{"rendered":"https:\/\/mydeko.lt\/?page_id=5325"},"modified":"2023-06-19T11:08:50","modified_gmt":"2023-06-19T08:08:50","slug":"prekiu-pardavimo-taisykles","status":"publish","type":"page","link":"https:\/\/mydeko.lt\/sienu-lenteles\/prekiu-pardavimo-taisykles\/","title":{"rendered":"Preki\u0173 pardavimo taisykl\u0117s"},"content":{"rendered":"\t\t<div data-elementor-type=\"wp-page\" data-elementor-id=\"5325\" class=\"elementor elementor-5325\" data-elementor-post-type=\"page\">\n\t\t\t\t\t\t\t\t\t<section class=\"wd-negative-gap elementor-section elementor-top-section elementor-element elementor-element-737d31cb elementor-section-boxed elementor-section-height-default elementor-section-height-default wd-section-disabled\" data-id=\"737d31cb\" data-element_type=\"section\">\n\t\t\t\t\t\t<div class=\"elementor-container elementor-column-gap-default\">\n\t\t\t\t\t<div class=\"elementor-column elementor-col-100 elementor-top-column elementor-element elementor-element-161297a1\" data-id=\"161297a1\" data-element_type=\"column\">\n\t\t\t<div class=\"elementor-widget-wrap elementor-element-populated\">\n\t\t\t\t\t\t\t\t<div class=\"elementor-element elementor-element-cf7a7e3 color-scheme-inherit text-left elementor-widget elementor-widget-text-editor\" data-id=\"cf7a7e3\" data-element_type=\"widget\" data-widget_type=\"text-editor.default\">\n\t\t\t\t<div class=\"elementor-widget-container\">\n\t\t\t<style>\/*! elementor - v3.14.0 - 18-06-2023 *\/\n.elementor-widget-text-editor.elementor-drop-cap-view-stacked .elementor-drop-cap{background-color:#69727d;color:#fff}.elementor-widget-text-editor.elementor-drop-cap-view-framed .elementor-drop-cap{color:#69727d;border:3px solid;background-color:transparent}.elementor-widget-text-editor:not(.elementor-drop-cap-view-default) .elementor-drop-cap{margin-top:8px}.elementor-widget-text-editor:not(.elementor-drop-cap-view-default) .elementor-drop-cap-letter{width:1em;height:1em}.elementor-widget-text-editor .elementor-drop-cap{float:left;text-align:center;line-height:1;font-size:50px}.elementor-widget-text-editor .elementor-drop-cap-letter{display:inline-block}<\/style>\t\t\t\t<p>\u0160ios taisykl\u0117s nurodo pirkimo-pardavimo taisykles svetain\u0117je www.mydeko.lt<\/p><ol><li><strong style=\"font-size: 14px; background-color: var(--wd-main-bgcolor); color: var(--wd-text-color);\">Bendrosios nuostatos<\/strong><\/li><\/ol><p>1.1. \u0160ios preki\u0173 pirkimo \u2013 pardavimo taisykl\u0117s (toliau \u201eTaisykl\u0117s\u201c), yra juridi\u0161kai \u0161alims privalomas dokumentas, kuriame nustatomos Pirk\u0117jo ir Pardav\u0117jo teis\u0117s, pareigos ir atsakomyb\u0117, \u012fsigyjant paslaugas svetain\u0117je www.mydeko.lt.<\/p><p>1.2. Pardav\u0117jas pasilieka teis\u0119 bet kuriuo metu pakeisti, taisyti ar papildyti Taisykles, atsi\u017evelgdamas \u012f LR teis\u0117s akt\u0173 nustatytus reikalavimus.<\/p><ol start=\"2\"><li><strong> Pirkimo \u2013 pardavimo sutarties sudarymo momentas<\/strong><\/li><\/ol><p>2.1. Sutartis tarp Pirk\u0117jo ir Pardav\u0117jo laikoma sudaryta nuo to momento, kai Pirk\u0117jas atlieka piln\u0105 ar dalin\u012f mok\u0117jim\u0105 u\u017e prekes, nurodo pra\u0161omus duomenis, pasirenka apmok\u0117jimo b\u016bd\u0105 ir susipa\u017ein\u0119s su Taisykl\u0117mis, sumoka u\u017e prekes.<\/p><ol start=\"3\"><li><strong> Pardav\u0117jo teis\u0117s<\/strong><\/li><\/ol><p>3.1. Susidarius svarbioms aplinkyb\u0117ms, Pardav\u0117jas gali laikinai arba i\u0161 viso nutraukti svetain\u0117s veikl\u0105, apie tai i\u0161 anksto neprane\u0161\u0119s Pirk\u0117jui.<\/p><p>3.2. Jei Pirk\u0117jas bando pakenkti svetain\u0117s darbui, stabilumui ir saugumui ar pa\u017eeid\u017eia savo \u012fsipareigojimus, Pardav\u0117jas turi teis\u0119 be persp\u0117jimo apriboti ar sustabdyti jam galimyb\u0119 naudotis svetaine arba i\u0161skirtiniais atvejais panaikinti Pirk\u0117jo registracij\u0105.<\/p><p>3.3. Pardav\u0117jas pasilieka sau teis\u0119 viena\u0161ali\u0161kai pakeisti \u0161i\u0173 taisykli\u0173 s\u0105lygas be i\u0161ankstinio \u012fsp\u0117jimo.<\/p><p>3.4. Visus prane\u0161imus tarp \u0161ali\u0173 si\u0173sti Pirk\u0117jo registracijos formoje pateiktais elektroninio pa\u0161to adresais.<\/p><ol start=\"4\"><li><strong> Pardav\u0117jo \u012fsipareigojimai ir atsakomyb\u0117<\/strong><\/li><\/ol><p>4.1. Pardav\u0117jas \u012fsipareigoja sudaryti visas s\u0105lygas Pirk\u0117jui tinkamai naudotis svetaine.<\/p><p>4.2. Pardav\u0117jas \u012fsipareigoja \u00a0\u012fvykdyti Pirk\u0117jo u\u017esakym\u0105 ir u\u017esakytas prekes ir\/ar paslaugas pristatyti Pirk\u0117jo nurodytu adresu, prie\u0161 tai jam sumokant 100% mok\u0117jim\u0105 Pardav\u0117jui.<\/p><p>4.3. Pardav\u0117jas, susidarius svarbioms aplinkyb\u0117ms, negal\u0117damas Pirk\u0117jui suteikti u\u017esakytos paslaugos, \u012fsipareigoja Pirk\u0117jui gr\u0105\u017einti sumok\u0117tus pinigus per \u0161e\u0161ias darbo dienas, jei Pirk\u0117jas atliko apmok\u0117jim\u0105.<\/p><p>4.4. Jei Pirk\u0117jas nepateikia tiksli\u0173 duomen\u0173 registracijos formoje, bei pristatymo adres\u0173 \u00a0Pardav\u0117jas neatsako u\u017e d\u0117l to atsiradusius padarinius.<\/p><p>4.4 Pirk\u0117jui netiksliai ar klaidingai nurod\u017eius pristatymo adres\u0105, papildomas transporto i\u0161laidas apmoka Pirk\u0117jas.<\/p><p>4.5. Pardav\u0117jas teikia paslaugas Pirk\u0117jui vadovaudamasis nurodytais pristatymo terminais.<\/p><ol start=\"5\"><li><strong> Pirk\u0117jo teis\u0117s<\/strong><\/li><\/ol><p>5.1. Pirk\u0117jas turi teis\u0119 pirkti paslaugas svetain\u0117je \u0161i\u0173 taisykli\u0173 ir svetain\u0117s nustatyta tvarka.<\/p><p>5.2. Pirk\u0117jas turi teis\u0119 gr\u0105\u017einti prekes per 14 (keturiolika) kalendorini\u0173 dien\u0173 nuo preki\u0173 u\u017esakymo dienos vadovaudamasis nurodytomis gr\u0105\u017einimo taisykl\u0117mis. Pardav\u0117jas \u012fvertin\u0119s preki\u0173 gr\u0105\u017einim\u0105, pagal gr\u0105\u017einimo taisykles, gr\u0105\u017eina pinigus u\u017e suteiktas prekes pagal nustatyt\u0105 termin\u0105.<\/p><p>5.4. Visus prane\u0161imus tarp \u0161ali\u0173 ir klausimus si\u0173sti svetain\u0117s skyriuje \u201cKontaktai\u201d nurodytu elektroninio pa\u0161to adresu.<\/p><ol start=\"6\"><li><strong> Pirk\u0117jo \u012fsipareigojimai ir atsakomyb\u0117<\/strong><\/li><\/ol><p>6.1. Pirk\u0117jas, naudodamasis svetaine, patvirtina, kad sutinka su \u0161iomis pirkimo \u2013 pardavimo taisykl\u0117mis ir privalo j\u0173 laikytis.<\/p><p>6.2. Pirk\u0117jas privalo sumok\u0117ti u\u017e paslaugas ir priimti jas \u0161i\u0173 Taisykli\u0173 nustatyta tvarka.<\/p><p>6.3. Pirk\u0117jas yra visi\u0161kai atsakingas u\u017e registracijos formoje pateikt\u0173 duomen\u0173 teisingum\u0105. Patirti galimi nuostoliai d\u0117l Pirk\u0117jo pateikt\u0173 netiksli\u0173 pristatymo adres\u0173 ir \/ar duomen\u0173 pereina Pirk\u0117jo atsakomyb\u0117n.<\/p><p>6.4. Pirk\u0117jas atsako u\u017e veiksmus, ty\u010dia ar nety\u010dia atliktus naudojantis svetaine.<\/p><p>6.5. Pardav\u0117jas atleid\u017eiamas nuo bet kokios atsakomyb\u0117s tais atvejais, kai nuostoliai kyla d\u0117l to, jog Pirk\u0117jas, neatsi\u017evelgdamas \u012f Pardav\u0117jo rekomendacijas ir savo \u012fsipareigojimus, nesusipa\u017eino su \u0161iomis Taisykl\u0117mis, nors tokia galimyb\u0117 jam buvo suteikta.<\/p><ol start=\"7\"><li><strong> Preki\u0173 kaina, apmok\u0117jimas, pristatymas ir garantin\u0117s s\u0105lygos.<\/strong><\/li><\/ol><p>7.1. Paslaug\u0173 kainos svetain\u0117je ir suformuotame u\u017esakyme nurodomos Eurais.<\/p><p>7.2. Pirk\u0117jas atsiskaito u\u017e paslaugas vienu i\u0161 jo pasirinkt\u0173 b\u016bd\u0173:<\/p><p>7.2.1. Apmok\u0117jimas naudojantis elektronine bankininkyste \u2013 tai i\u0161ankstinis apmok\u0117jimas, pasinaudojant Pirk\u0117jo naudojama elektronin\u0117s bankininkyst\u0117s sistema. Pinigus Pirk\u0117jas perveda \u012f atitinkamame jo pasirinktame banke esan\u010di\u0105 e-parduotuv\u0117s s\u0105skait\u0105. Atsakomyb\u0117 u\u017e duomen\u0173 saugum\u0105 \u0161iuo atveju tenka atitinkamam bankui, kadangi visos pinigin\u0117s operacijos vyksta banko elektronin\u0117s bankininkyst\u0117s sistemoje.<\/p><p>7.2.2. Apmok\u0117jimas banko pavedimu \u2013 tai i\u0161ankstinis apmok\u0117jimas, kai Pirk\u0117jas, atsispausdin\u0119s i\u0161ankstinio mok\u0117jimo s\u0105skait\u0105 &#8211; u\u017esakym\u0105 ir nu\u0117j\u0119s \u012f artimiausi\u0105 banko skyri\u0173, perveda pinigus \u012f e-parduotuv\u0117s banko s\u0105skait\u0105 kuri nurodyta i\u0161ankstinio mok\u0117jimo s\u0105skaitoje &#8211; u\u017esakyme.<\/p><p>7.2.2. Per Paysera sistem\u0105 www.mydeko.lt<\/p>\t\t\t\t\t\t<\/div>\n\t\t\t\t<\/div>\n\t\t\t\t\t<\/div>\n\t\t<\/div>\n\t\t\t\t\t\t\t<\/div>\n\t\t<\/section>\n\t\t\t\t<section class=\"wd-negative-gap elementor-section elementor-top-section elementor-element elementor-element-2458d62 elementor-section-boxed elementor-section-height-default elementor-section-height-default wd-section-disabled\" data-id=\"2458d62\" data-element_type=\"section\">\n\t\t\t\t\t\t<div class=\"elementor-container elementor-column-gap-default\">\n\t\t\t\t\t<div class=\"elementor-column elementor-col-100 elementor-top-column elementor-element elementor-element-98c0cb5\" data-id=\"98c0cb5\" data-element_type=\"column\">\n\t\t\t<div class=\"elementor-widget-wrap elementor-element-populated\">\n\t\t\t\t\t\t\t\t<div class=\"elementor-element elementor-element-6d67132 color-scheme-inherit text-left elementor-widget elementor-widget-text-editor\" data-id=\"6d67132\" data-element_type=\"widget\" data-widget_type=\"text-editor.default\">\n\t\t\t\t<div class=\"elementor-widget-container\">\n\t\t\t\t\t\t\t<p><strong>PREKI\u0172 GR\u0104\u017dINIMO TAISYKL\u0116S<\/strong><\/p><ol><li>Pirk\u0117jo ir pardav\u0117jo santykius reglamentuoja Civilinis kodeksas, Vartotoj\u0173 teisi\u0173 apsaugos \u012fstatymas\u00a0 bei\u00a0 Lietuvos Respublikos Vyriausyb\u0117s 2001 m. bir\u017eelio 11 d. nutarimo Nr. 697 \u201eD\u0117l Ma\u017emenin\u0117s prekybos taisykli\u0173 patvirtinimo\u201c pakeitimas.\u00a0<\/li><li>Kokybi\u0161k\u0173 preki\u0173 gr\u0105\u017einimas reglamentuojamas Lietuvos Respublikos civilinio kodekso 6.362 straipsniu. Pirk\u0117jas (fizinis asmuo) turi teis\u0119 per 14 dien\u0173 nuo u\u017esakymo gavimo dienos, gr\u0105\u017einti prek\u0119 .<\/li><li>Pristatant prek\u0119 Pirk\u0117jas privalo \u012fvertinti ar pakuot\u0117 ir prek\u0117s nebuvo pa\u017eeistos transportavimo metu. Nesant Pirk\u0117jo prane\u0161imui t\u0105 pa\u010di\u0105 pristatymo dien\u0105 el.pa\u0161tu (<a href=\"mailto:info@mydeko.lt\">info@mydeko.lt<\/a>) traktuojama, jog prek\u0117 atvyko kiekyje, saugi ir nepa\u017eeista.<\/li><li>Gr\u0105\u017einant prek\u0119 b\u016btina pateikti jos \u012fsigijimo dokument\u0105, u\u017epildyt\u0105<a href=\"https:\/\/mydeko.lt\/wp-content\/uploads\/2023\/06\/Prekiu-grazinimo-forma.doc\"><strong> GR\u0104\u017dINIMO<\/strong> <strong>form\u0105.<\/strong><\/a><\/li><li>Pirk\u0117jas turi teis\u0119 gr\u0105\u017einti prekes ne v\u0117liau nei per 14 dien\u0173 nuo prek\u0117s gavimo datos vadovaudamasis gr\u0105\u017einimo taisykl\u0117mis. Prek\u0117s gr\u0105\u017einamos tuo pa\u010di\u0173 b\u016bdu, kuriuo buvo gautas u\u017esakymas (t.y. kurjerio tarnyba arba dideli\u0173 gabarit\u0173 prekes u\u017esakomuoju ve\u017e\u0117ju), kiti gr\u0105\u017einimo b\u016bdai\u00a0nepriimami.Siuntimo i\u0161laidos pirk\u0117jui n\u0117ra kompensuojamos ir gr\u0105\u017einimas atliekamas Pirk\u0117jo s\u0105skaita.<\/li><li><strong><u>Kai gr\u0105\u017einama nekokybi\u0161ka prek\u0117<\/u><\/strong>, MB \u201eMYDEKO\u201c \u012fsipareigoja priimti nekokybi\u0161k\u0105 prek\u0119 ir, nesant Pirk\u0117jo prie\u0161taravimo, j\u0105 pakeisti analogi\u0161ka ar pana\u0161ia preke per i\u0161 anksto ra\u0161tu (info@mydeko.lt) suderint\u0105 termin\u0105. Esant Pirk\u0117jo prie\u0161taravimams pakeisti prek\u0119, Pardav\u0117jas gr\u0105\u017eina pinigus u\u017e nekokybi\u0161kas prekes <strong>bankiniu pavedimu<\/strong>( \u012f banko s\u0105skait\u0105 i\u0161 kurios buvo darytas mok\u0117jimas) ne v\u0117liau kaip\u00a0<strong>per 14 dien\u0173<\/strong>\u00a0nuo prek\u0117s pristatymo dienos \u012f\u00a0MYDEKO\u00a0 sand\u0117l\u012f (Drevinink\u0173 g.75, Vilnius). Siuntimo i\u0161laidas apmoka Pardav\u0117jas.<\/li><li>Pirk\u0117jas neturi teis\u0117s atsisakyti preki\u0173, jeigu:<ul><li>Prek\u0117 buvo naudojama, sugadinta, i\u0161purvinta, naudojama, jos i\u0161vaizda i\u0161 esm\u0117s pasikeitusi. Pakuot\u0117s i\u0161vaizdos pakeitimai, kurie buvo b\u016btini norint ap\u017ei\u016br\u0117ti gaut\u0105 prek\u0119, nevertinami kaip esminiai prek\u0117s i\u0161vaizdos pakeitimai.<\/li><li>Prek\u0117s buvo specialiai gamintos pagal Pirk\u0117jo u\u017esakym\u0105, t.y. jos nestandartini\u0173 ilgi\u0173.<\/li><li>Jeigu prek\u0117 n\u0117ra pilnai sukomplektuota, ji n\u0117ra priimama gr\u0105\u017einimui.<\/li><\/ul><\/li><\/ol><p>Pardav\u0117jas turi teis\u0119 nepriimti Pirk\u0117jo gr\u0105\u017einam\u0173 preki\u0173, jei Pirk\u0117jas nesilaiko \u0161iame straipsnyje nustatytos preki\u0173 gr\u0105\u017einimo tvarkos.<\/p><p>\u00a0<\/p>\t\t\t\t\t\t<\/div>\n\t\t\t\t<\/div>\n\t\t\t\t\t<\/div>\n\t\t<\/div>\n\t\t\t\t\t\t\t<\/div>\n\t\t<\/section>\n\t\t\t\t\t\t\t<\/div>\n\t\t","protected":false},"excerpt":{"rendered":"<p>\u0160ios taisykl\u0117s nurodo pirkimo-pardavimo taisykles svetain\u0117je www.mydeko.lt Bendrosios nuostatos 1.1. \u0160ios preki\u0173 pirkimo \u2013 pardavimo taisykl\u0117s (toliau \u201eTaisykl\u0117s\u201c), yra juridi\u0161kai<\/p>\n","protected":false},"author":1,"featured_media":0,"parent":0,"menu_order":0,"comment_status":"closed","ping_status":"closed","template":"","meta":{"footnotes":""},"class_list":["post-5325","page","type-page","status-publish","hentry"],"_links":{"self":[{"href":"https:\/\/mydeko.lt\/sienu-lenteles\/wp-json\/wp\/v2\/pages\/5325","targetHints":{"allow":["GET"]}}],"collection":[{"href":"https:\/\/mydeko.lt\/sienu-lenteles\/wp-json\/wp\/v2\/pages"}],"about":[{"href":"https:\/\/mydeko.lt\/sienu-lenteles\/wp-json\/wp\/v2\/types\/page"}],"author":[{"embeddable":true,"href":"https:\/\/mydeko.lt\/sienu-lenteles\/wp-json\/wp\/v2\/users\/1"}],"replies":[{"embeddable":true,"href":"https:\/\/mydeko.lt\/sienu-lenteles\/wp-json\/wp\/v2\/comments?post=5325"}],"version-history":[{"count":8,"href":"https:\/\/mydeko.lt\/sienu-lenteles\/wp-json\/wp\/v2\/pages\/5325\/revisions"}],"predecessor-version":[{"id":5610,"href":"https:\/\/mydeko.lt\/sienu-lenteles\/wp-json\/wp\/v2\/pages\/5325\/revisions\/5610"}],"wp:attachment":[{"href":"https:\/\/mydeko.lt\/sienu-lenteles\/wp-json\/wp\/v2\/media?parent=5325"}],"curies":[{"name":"wp","href":"https:\/\/api.w.org\/{rel}","templated":true}]}}