{"id":3115,"date":"2023-05-04T09:25:49","date_gmt":"2023-05-04T06:25:49","guid":{"rendered":"https:\/\/mydeko.lt\/?post_type=product&#038;p=3115"},"modified":"2024-10-03T09:48:07","modified_gmt":"2024-10-03T06:48:07","slug":"retro-4-2","status":"publish","type":"product","link":"https:\/\/mydeko.lt\/sienu-lenteles\/produktas\/retro-4-2\/","title":{"rendered":"RETRO-4"},"content":{"rendered":"\t\t<div data-elementor-type=\"product-post\" data-elementor-id=\"3115\" class=\"elementor elementor-3115\" data-elementor-post-type=\"product\">\n\t\t\t\t\t\t\t\t\t<section class=\"elementor-section elementor-top-section elementor-element elementor-element-c116821 elementor-section-boxed elementor-section-height-default elementor-section-height-default wd-section-disabled\" data-id=\"c116821\" data-element_type=\"section\">\n\t\t\t\t\t\t<div class=\"elementor-container elementor-column-gap-default\">\n\t\t\t\t\t<div class=\"elementor-column elementor-col-100 elementor-top-column elementor-element elementor-element-f0accb6\" data-id=\"f0accb6\" data-element_type=\"column\">\n\t\t\t<div class=\"elementor-widget-wrap elementor-element-populated\">\n\t\t\t\t\t\t\t\t<div class=\"elementor-element elementor-element-ddee31d color-scheme-inherit text-left elementor-widget elementor-widget-text-editor\" data-id=\"ddee31d\" data-element_type=\"widget\" data-widget_type=\"text-editor.default\">\n\t\t\t\t<div class=\"elementor-widget-container\">\n\t\t\t<style>\/*! elementor - v3.14.0 - 18-06-2023 *\/\n.elementor-widget-text-editor.elementor-drop-cap-view-stacked .elementor-drop-cap{background-color:#69727d;color:#fff}.elementor-widget-text-editor.elementor-drop-cap-view-framed .elementor-drop-cap{color:#69727d;border:3px solid;background-color:transparent}.elementor-widget-text-editor:not(.elementor-drop-cap-view-default) .elementor-drop-cap{margin-top:8px}.elementor-widget-text-editor:not(.elementor-drop-cap-view-default) .elementor-drop-cap-letter{width:1em;height:1em}.elementor-widget-text-editor .elementor-drop-cap{float:left;text-align:center;line-height:1;font-size:50px}.elementor-widget-text-editor .elementor-drop-cap-letter{display:inline-block}<\/style>\t\t\t\t<p>RETRO kolekcija i\u0161siskiria savo vienspalvi\u0161kumu ir tinka minimalistiniuose interjeruose, kur svarbu pabr\u0117\u017eti gamtos nat\u016bralum\u0105 ir i\u0161skirtin\u012f interjero charakter\u012f. Vienspalv\u0117s panel\u0117s puikiai der\u0117s su moderniais baldais ir aksesuarais. RETRO kolekcijoje rasite uosio spalvos sien\u0173 lenteles.<\/p>\t\t\t\t\t\t<\/div>\n\t\t\t\t<\/div>\n\t\t\t\t<section class=\"wd-negative-gap elementor-section elementor-inner-section elementor-element elementor-element-4c5cbac elementor-section-boxed elementor-section-height-default elementor-section-height-default wd-section-disabled\" data-id=\"4c5cbac\" data-element_type=\"section\">\n\t\t\t\t\t\t<div class=\"elementor-container elementor-column-gap-default\">\n\t\t\t\t\t<div class=\"elementor-column elementor-col-50 elementor-inner-column elementor-element elementor-element-9c6b561\" data-id=\"9c6b561\" data-element_type=\"column\">\n\t\t\t<div class=\"elementor-widget-wrap elementor-element-populated\">\n\t\t\t\t\t\t\t\t<div class=\"elementor-element elementor-element-fde7d45 elementor-widget elementor-widget-gallery\" data-id=\"fde7d45\" data-element_type=\"widget\" data-settings=\"{&quot;columns_mobile&quot;:2,&quot;columns&quot;:2,&quot;aspect_ratio&quot;:&quot;16:9&quot;,&quot;lazyload&quot;:&quot;yes&quot;,&quot;gallery_layout&quot;:&quot;grid&quot;,&quot;columns_tablet&quot;:2,&quot;gap&quot;:{&quot;unit&quot;:&quot;px&quot;,&quot;size&quot;:10,&quot;sizes&quot;:[]},&quot;gap_tablet&quot;:{&quot;unit&quot;:&quot;px&quot;,&quot;size&quot;:10,&quot;sizes&quot;:[]},&quot;gap_mobile&quot;:{&quot;unit&quot;:&quot;px&quot;,&quot;size&quot;:10,&quot;sizes&quot;:[]},&quot;link_to&quot;:&quot;file&quot;,&quot;overlay_background&quot;:&quot;yes&quot;,&quot;content_hover_animation&quot;:&quot;fade-in&quot;}\" data-widget_type=\"gallery.default\">\n\t\t\t\t<div class=\"elementor-widget-container\">\n\t\t\t<style>\/*! elementor-pro - v3.14.0 - 18-06-2023 *\/\n.elementor-gallery__container{min-height:1px}.elementor-gallery-item{position:relative;overflow:hidden;display:block;text-decoration:none;border:solid var(--image-border-width) var(--image-border-color);border-radius:var(--image-border-radius)}.elementor-gallery-item__content,.elementor-gallery-item__overlay{height:100%;width:100%;position:absolute;top:0;left:0}.elementor-gallery-item__overlay{mix-blend-mode:var(--overlay-mix-blend-mode);transition-duration:var(--overlay-transition-duration);transition-property:mix-blend-mode,transform,opacity,background-color}.elementor-gallery-item__image.e-gallery-image{transition-duration:var(--image-transition-duration);transition-property:filter,transform}.elementor-gallery-item__content{display:flex;flex-direction:column;justify-content:var(--content-justify-content,center);align-items:center;text-align:var(--content-text-align);padding:var(--content-padding)}.elementor-gallery-item__content>div{transition-duration:var(--content-transition-duration)}.elementor-gallery-item__content.elementor-gallery--sequenced-animation>div:nth-child(2){transition-delay:calc(var(--content-transition-delay) \/ 3)}.elementor-gallery-item__content.elementor-gallery--sequenced-animation>div:nth-child(3){transition-delay:calc(var(--content-transition-delay) \/ 3 * 2)}.elementor-gallery-item__content.elementor-gallery--sequenced-animation>div:nth-child(4){transition-delay:calc(var(--content-transition-delay) \/ 3 * 3)}.elementor-gallery-item__description{color:var(--description-text-color,#fff);width:100%}.elementor-gallery-item__title{color:var(--title-text-color,#fff);font-weight:700;width:100%}.elementor-gallery__titles-container{display:flex;flex-wrap:wrap;justify-content:var(--titles-container-justify-content,center);margin-bottom:20px}.elementor-gallery__titles-container:not(.e--pointer-framed) .elementor-item:after,.elementor-gallery__titles-container:not(.e--pointer-framed) .elementor-item:before{background-color:var(--galleries-pointer-bg-color-hover)}.elementor-gallery__titles-container:not(.e--pointer-framed) .elementor-item.elementor-item-active:after,.elementor-gallery__titles-container:not(.e--pointer-framed) .elementor-item.elementor-item-active:before{background-color:var(--galleries-pointer-bg-color-active)}.elementor-gallery__titles-container.e--pointer-framed .elementor-item:before{border-color:var(--galleries-pointer-bg-color-hover);border-width:var(--galleries-pointer-border-width)}.elementor-gallery__titles-container.e--pointer-framed .elementor-item:after{border-color:var(--galleries-pointer-bg-color-hover)}.elementor-gallery__titles-container.e--pointer-framed .elementor-item.elementor-item-active:after,.elementor-gallery__titles-container.e--pointer-framed .elementor-item.elementor-item-active:before{border-color:var(--galleries-pointer-bg-color-active)}.elementor-gallery__titles-container.e--pointer-framed.e--animation-draw .elementor-item:before{border-left-width:var(--galleries-pointer-border-width);border-bottom-width:var(--galleries-pointer-border-width);border-right-width:0;border-top-width:0}.elementor-gallery__titles-container.e--pointer-framed.e--animation-draw .elementor-item:after{border-left-width:0;border-bottom-width:0;border-right-width:var(--galleries-pointer-border-width);border-top-width:var(--galleries-pointer-border-width)}.elementor-gallery__titles-container.e--pointer-framed.e--animation-corners .elementor-item:before{border-left-width:var(--galleries-pointer-border-width);border-bottom-width:0;border-right-width:0;border-top-width:var(--galleries-pointer-border-width)}.elementor-gallery__titles-container.e--pointer-framed.e--animation-corners .elementor-item:after{border-left-width:0;border-bottom-width:var(--galleries-pointer-border-width);border-right-width:var(--galleries-pointer-border-width);border-top-width:0}.elementor-gallery__titles-container .e--pointer-double-line .elementor-item:after,.elementor-gallery__titles-container .e--pointer-double-line .elementor-item:before,.elementor-gallery__titles-container .e--pointer-overline .elementor-item:before,.elementor-gallery__titles-container .e--pointer-underline .elementor-item:after{height:var(--galleries-pointer-border-width)}.elementor-gallery-title{--space-between:10px;cursor:pointer;color:#6d7882;font-weight:500;position:relative;padding:7px 14px;transition:all .3s}.elementor-gallery-title--active{color:#495157}.elementor-gallery-title:not(:last-child){margin-right:var(--space-between)}.elementor-gallery-item__title+.elementor-gallery-item__description{margin-top:var(--description-margin-top)}.e-gallery-item.elementor-gallery-item{transition-property:all}.e-gallery-item.elementor-animated-content .elementor-animated-item--enter-from-bottom,.e-gallery-item.elementor-animated-content .elementor-animated-item--enter-from-left,.e-gallery-item.elementor-animated-content .elementor-animated-item--enter-from-right,.e-gallery-item.elementor-animated-content .elementor-animated-item--enter-from-top,.e-gallery-item:focus .elementor-gallery__item-overlay-bg,.e-gallery-item:focus .elementor-gallery__item-overlay-content,.e-gallery-item:focus .elementor-gallery__item-overlay-content__description,.e-gallery-item:focus .elementor-gallery__item-overlay-content__title,.e-gallery-item:hover .elementor-gallery__item-overlay-bg,.e-gallery-item:hover .elementor-gallery__item-overlay-content,.e-gallery-item:hover .elementor-gallery__item-overlay-content__description,.e-gallery-item:hover .elementor-gallery__item-overlay-content__title{opacity:1}a.elementor-item.elementor-gallery-title{color:var(--galleries-title-color-normal)}a.elementor-item.elementor-gallery-title.elementor-item-active,a.elementor-item.elementor-gallery-title.highlighted,a.elementor-item.elementor-gallery-title:focus,a.elementor-item.elementor-gallery-title:hover{color:var(--galleries-title-color-hover)}a.elementor-item.elementor-gallery-title.elementor-item-active{color:var(--gallery-title-color-active)}.e-con-inner>.elementor-widget-gallery,.e-con>.elementor-widget-gallery{width:var(--container-widget-width);--flex-grow:var(--container-widget-flex-grow)}<\/style>\t\t<div class=\"elementor-gallery__container\">\n\t\t\t\t\t\t\t<a class=\"e-gallery-item elementor-gallery-item elementor-animated-content\" href=\"https:\/\/mydeko.lt\/sienu-lenteles\/wp-content\/uploads\/2023\/04\/AP-028-04.png\" data-elementor-open-lightbox=\"yes\" data-elementor-lightbox-title=\"AP-028-04\" data-e-action-hash=\"#elementor-action%3Aaction%3Dlightbox%26settings%3DeyJpZCI6MjUyNiwidXJsIjoiaHR0cHM6XC9cL215ZGVrby5sdFwvc2llbnUtbGVudGVsZXNcL3dwLWNvbnRlbnRcL3VwbG9hZHNcLzIwMjNcLzA0XC9BUC0wMjgtMDQucG5nIn0%3D\">\n\t\t\t\t\t<div class=\"e-gallery-image elementor-gallery-item__image\" data-thumbnail=\"https:\/\/mydeko.lt\/sienu-lenteles\/wp-content\/uploads\/2023\/04\/AP-028-04.png\" data-width=\"960\" data-height=\"520\" aria-label=\"\" role=\"img\" ><\/div>\n\t\t\t\t\t\t\t\t\t\t\t<div class=\"elementor-gallery-item__overlay\"><\/div>\n\t\t\t\t\t\t\t\t\t\t\t\t\t\t<\/a>\n\t\t\t\t\t\t\t<a class=\"e-gallery-item elementor-gallery-item elementor-animated-content\" href=\"https:\/\/mydeko.lt\/sienu-lenteles\/wp-content\/uploads\/2023\/04\/m1.jpg\" data-elementor-open-lightbox=\"yes\" data-elementor-lightbox-title=\"m1\" data-e-action-hash=\"#elementor-action%3Aaction%3Dlightbox%26settings%3DeyJpZCI6Mjk2OSwidXJsIjoiaHR0cHM6XC9cL215ZGVrby5sdFwvc2llbnUtbGVudGVsZXNcL3dwLWNvbnRlbnRcL3VwbG9hZHNcLzIwMjNcLzA0XC9tMS5qcGcifQ%3D%3D\">\n\t\t\t\t\t<div class=\"e-gallery-image elementor-gallery-item__image\" data-thumbnail=\"https:\/\/mydeko.lt\/sienu-lenteles\/wp-content\/uploads\/2023\/04\/m1.jpg\" data-width=\"800\" data-height=\"600\" aria-label=\"\" role=\"img\" ><\/div>\n\t\t\t\t\t\t\t\t\t\t\t<div class=\"elementor-gallery-item__overlay\"><\/div>\n\t\t\t\t\t\t\t\t\t\t\t\t\t\t<\/a>\n\t\t\t\t\t<\/div>\n\t\t\t<\/div>\n\t\t\t\t<\/div>\n\t\t\t\t\t<\/div>\n\t\t<\/div>\n\t\t\t\t<div class=\"elementor-column elementor-col-50 elementor-inner-column elementor-element elementor-element-e418630\" data-id=\"e418630\" data-element_type=\"column\">\n\t\t\t<div class=\"elementor-widget-wrap elementor-element-populated\">\n\t\t\t\t\t\t\t\t<div class=\"elementor-element elementor-element-ae48d36 elementor-widget elementor-widget-heading\" data-id=\"ae48d36\" data-element_type=\"widget\" data-widget_type=\"heading.default\">\n\t\t\t\t<div class=\"elementor-widget-container\">\n\t\t\t<style>\/*! elementor - v3.14.0 - 18-06-2023 *\/\n.elementor-heading-title{padding:0;margin:0;line-height:1}.elementor-widget-heading .elementor-heading-title[class*=elementor-size-]>a{color:inherit;font-size:inherit;line-height:inherit}.elementor-widget-heading .elementor-heading-title.elementor-size-small{font-size:15px}.elementor-widget-heading .elementor-heading-title.elementor-size-medium{font-size:19px}.elementor-widget-heading .elementor-heading-title.elementor-size-large{font-size:29px}.elementor-widget-heading .elementor-heading-title.elementor-size-xl{font-size:39px}.elementor-widget-heading .elementor-heading-title.elementor-size-xxl{font-size:59px}<\/style><div class=\"elementor-heading-title elementor-size-default\">RETRO-4<\/div>\t\t<\/div>\n\t\t\t\t<\/div>\n\t\t\t\t<div class=\"elementor-element elementor-element-99046fa color-scheme-inherit text-left elementor-widget elementor-widget-text-editor\" data-id=\"99046fa\" data-element_type=\"widget\" data-widget_type=\"text-editor.default\">\n\t\t\t\t<div class=\"elementor-widget-container\">\n\t\t\t\t\t\t\t<table>\n<tbody>\n<tr>\n<td>I\u0161matavimai (mm)<\/td>\n<td>Kiekis de\u017e\u0117je\n<td>Svoris<\/td>\n<td>m2\/1vnt.<\/td>\n<\/tr>\n<tr>\n<td>118x20x2900<\/td>\n<td>12vnt.<\/td>\n<td>1.45 kg.<\/td>\n<td>0.34<\/td>\n<\/tr>\n<\/tbody>\n<\/table>\t\t\t\t\t\t<\/div>\n\t\t\t\t<\/div>\n\t\t\t\t\t<\/div>\n\t\t<\/div>\n\t\t\t\t\t\t\t<\/div>\n\t\t<\/section>\n\t\t\t\t\t<\/div>\n\t\t<\/div>\n\t\t\t\t\t\t\t<\/div>\n\t\t<\/section>\n\t\t\t\t<section class=\"wd-negative-gap elementor-section elementor-top-section elementor-element elementor-element-b19692c elementor-section-boxed elementor-section-height-default elementor-section-height-default wd-section-disabled\" data-id=\"b19692c\" data-element_type=\"section\">\n\t\t\t\t\t\t<div class=\"elementor-container elementor-column-gap-default\">\n\t\t\t\t\t<div class=\"elementor-column elementor-col-25 elementor-top-column elementor-element elementor-element-59b03d4\" data-id=\"59b03d4\" data-element_type=\"column\">\n\t\t\t<div class=\"elementor-widget-wrap elementor-element-populated\">\n\t\t\t\t\t\t\t\t<div class=\"elementor-element elementor-element-3cbebba elementor-widget elementor-widget-image\" data-id=\"3cbebba\" data-element_type=\"widget\" data-widget_type=\"image.default\">\n\t\t\t\t<div class=\"elementor-widget-container\">\n\t\t\t<style>\/*! elementor - v3.14.0 - 18-06-2023 *\/\n.elementor-widget-image{text-align:center}.elementor-widget-image a{display:inline-block}.elementor-widget-image a img[src$=\".svg\"]{width:48px}.elementor-widget-image img{vertical-align:middle;display:inline-block}<\/style>\t\t\t\t\t\t\t\t\t\t\t\t\t<a href=\"https:\/\/mydeko.lt\/wp-content\/uploads\/2023\/03\/m2.jpg\" data-elementor-open-lightbox=\"yes\" data-elementor-lightbox-title=\"m2\" data-e-action-hash=\"#elementor-action%3Aaction%3Dlightbox%26settings%3DeyJpZCI6Mjk3MCwidXJsIjoiaHR0cHM6XC9cL215ZGVrby5sdFwvc2llbnUtbGVudGVsZXNcL3dwLWNvbnRlbnRcL3VwbG9hZHNcLzIwMjNcLzAzXC9tMi5qcGcifQ%3D%3D\">\n\t\t\t\t\t\t\t<img loading=\"lazy\" decoding=\"async\" width=\"768\" height=\"576\" src=\"https:\/\/mydeko.lt\/sienu-lenteles\/wp-content\/uploads\/2023\/03\/m2-768x576.jpg\" class=\"attachment-medium_large size-medium_large wp-image-2970\" alt=\"\" srcset=\"https:\/\/mydeko.lt\/sienu-lenteles\/wp-content\/uploads\/2023\/03\/m2-768x576.jpg 768w, https:\/\/mydeko.lt\/sienu-lenteles\/wp-content\/uploads\/2023\/03\/m2-300x225.jpg 300w, https:\/\/mydeko.lt\/sienu-lenteles\/wp-content\/uploads\/2023\/03\/m2-600x450.jpg 600w, https:\/\/mydeko.lt\/sienu-lenteles\/wp-content\/uploads\/2023\/03\/m2-150x113.jpg 150w, https:\/\/mydeko.lt\/sienu-lenteles\/wp-content\/uploads\/2023\/03\/m2.jpg 800w\" sizes=\"auto, (max-width: 768px) 100vw, 768px\" \/>\t\t\t\t\t\t\t\t<\/a>\n\t\t\t\t\t\t\t\t\t\t\t\t\t\t\t<\/div>\n\t\t\t\t<\/div>\n\t\t\t\t\t<\/div>\n\t\t<\/div>\n\t\t\t\t<div class=\"elementor-column elementor-col-25 elementor-top-column elementor-element elementor-element-14db62e\" data-id=\"14db62e\" data-element_type=\"column\">\n\t\t\t<div class=\"elementor-widget-wrap elementor-element-populated\">\n\t\t\t\t\t\t\t\t<div class=\"elementor-element elementor-element-411c48d elementor-widget elementor-widget-heading\" data-id=\"411c48d\" data-element_type=\"widget\" data-widget_type=\"heading.default\">\n\t\t\t\t<div class=\"elementor-widget-container\">\n\t\t\t<div class=\"elementor-heading-title elementor-size-default\">RETRO 50-L(Kair\u0117)<\/div>\t\t<\/div>\n\t\t\t\t<\/div>\n\t\t\t\t<div class=\"elementor-element elementor-element-7baa6a5 color-scheme-inherit text-left elementor-widget elementor-widget-text-editor\" data-id=\"7baa6a5\" data-element_type=\"widget\" data-widget_type=\"text-editor.default\">\n\t\t\t\t<div class=\"elementor-widget-container\">\n\t\t\t\t\t\t\t<table>\n<tbody>\n<tr>\n<td>I\u0161matavimai (mm)<\/td>\n<td>Svoris<\/td>\n<td><\/td>\n<td><\/td>\n<\/tr>\n<tr>\n<td>43x20x2900<\/td>\n<td>0,65 kg<\/td>\n<td><\/td>\n<td><\/td>\n<\/tr>\n<\/tbody>\n<\/table>\t\t\t\t\t\t<\/div>\n\t\t\t\t<\/div>\n\t\t\t\t\t<\/div>\n\t\t<\/div>\n\t\t\t\t<div class=\"elementor-column elementor-col-25 elementor-top-column elementor-element elementor-element-99ff6f4\" data-id=\"99ff6f4\" data-element_type=\"column\">\n\t\t\t<div class=\"elementor-widget-wrap elementor-element-populated\">\n\t\t\t\t\t\t\t\t<div class=\"elementor-element elementor-element-c54ba64 elementor-widget elementor-widget-image\" data-id=\"c54ba64\" data-element_type=\"widget\" data-widget_type=\"image.default\">\n\t\t\t\t<div class=\"elementor-widget-container\">\n\t\t\t\t\t\t\t\t\t\t\t\t\t\t\t\t<a href=\"https:\/\/mydeko.lt\/wp-content\/uploads\/2023\/03\/m3.jpg\" data-elementor-open-lightbox=\"yes\" data-elementor-lightbox-title=\"m3\" data-e-action-hash=\"#elementor-action%3Aaction%3Dlightbox%26settings%3DeyJpZCI6Mjk3MSwidXJsIjoiaHR0cHM6XC9cL215ZGVrby5sdFwvc2llbnUtbGVudGVsZXNcL3dwLWNvbnRlbnRcL3VwbG9hZHNcLzIwMjNcLzAzXC9tMy5qcGcifQ%3D%3D\">\n\t\t\t\t\t\t\t<img loading=\"lazy\" decoding=\"async\" width=\"768\" height=\"576\" src=\"https:\/\/mydeko.lt\/sienu-lenteles\/wp-content\/uploads\/2023\/03\/m3-768x576.jpg\" class=\"attachment-medium_large size-medium_large wp-image-2971\" alt=\"\" srcset=\"https:\/\/mydeko.lt\/sienu-lenteles\/wp-content\/uploads\/2023\/03\/m3-768x576.jpg 768w, https:\/\/mydeko.lt\/sienu-lenteles\/wp-content\/uploads\/2023\/03\/m3-300x225.jpg 300w, https:\/\/mydeko.lt\/sienu-lenteles\/wp-content\/uploads\/2023\/03\/m3-600x450.jpg 600w, https:\/\/mydeko.lt\/sienu-lenteles\/wp-content\/uploads\/2023\/03\/m3-150x113.jpg 150w, https:\/\/mydeko.lt\/sienu-lenteles\/wp-content\/uploads\/2023\/03\/m3.jpg 800w\" sizes=\"auto, (max-width: 768px) 100vw, 768px\" \/>\t\t\t\t\t\t\t\t<\/a>\n\t\t\t\t\t\t\t\t\t\t\t\t\t\t\t<\/div>\n\t\t\t\t<\/div>\n\t\t\t\t\t<\/div>\n\t\t<\/div>\n\t\t\t\t<div class=\"elementor-column elementor-col-25 elementor-top-column elementor-element elementor-element-92a4899\" data-id=\"92a4899\" data-element_type=\"column\">\n\t\t\t<div class=\"elementor-widget-wrap elementor-element-populated\">\n\t\t\t\t\t\t\t\t<div class=\"elementor-element elementor-element-bbf229d elementor-widget elementor-widget-heading\" data-id=\"bbf229d\" data-element_type=\"widget\" data-widget_type=\"heading.default\">\n\t\t\t\t<div class=\"elementor-widget-container\">\n\t\t\t<div class=\"elementor-heading-title elementor-size-default\">RETRO 50-R(De\u0161in\u0117)<\/div>\t\t<\/div>\n\t\t\t\t<\/div>\n\t\t\t\t<div class=\"elementor-element elementor-element-70d7c2b color-scheme-inherit text-left elementor-widget elementor-widget-text-editor\" data-id=\"70d7c2b\" data-element_type=\"widget\" data-widget_type=\"text-editor.default\">\n\t\t\t\t<div class=\"elementor-widget-container\">\n\t\t\t\t\t\t\t<table>\n<tbody>\n<tr>\n<td>I\u0161matavimai (mm)<\/td>\n<td>Svoris<\/td>\n<td><\/td>\n<td><\/td>\n<\/tr>\n<tr>\n<td>21x20x2900<\/td>\n<td>0,50 kg<\/td>\n<td><\/td>\n<td><\/td>\n<\/tr>\n<\/tbody>\n<\/table>\t\t\t\t\t\t<\/div>\n\t\t\t\t<\/div>\n\t\t\t\t\t<\/div>\n\t\t<\/div>\n\t\t\t\t\t\t\t<\/div>\n\t\t<\/section>\n\t\t\t\t<section class=\"wd-negative-gap elementor-section elementor-top-section elementor-element elementor-element-2759395 elementor-section-boxed elementor-section-height-default elementor-section-height-default wd-section-disabled\" data-id=\"2759395\" data-element_type=\"section\">\n\t\t\t\t\t\t<div class=\"elementor-container elementor-column-gap-default\">\n\t\t\t\t\t<div class=\"elementor-column elementor-col-100 elementor-top-column elementor-element elementor-element-daa9be0\" data-id=\"daa9be0\" data-element_type=\"column\">\n\t\t\t<div class=\"elementor-widget-wrap elementor-element-populated\">\n\t\t\t\t\t\t\t\t<div class=\"elementor-element elementor-element-375bbf9 elementor-widget elementor-widget-image\" data-id=\"375bbf9\" data-element_type=\"widget\" data-widget_type=\"image.default\">\n\t\t\t\t<div class=\"elementor-widget-container\">\n\t\t\t\t\t\t\t\t\t\t\t\t\t\t\t\t<a href=\"https:\/\/mydeko.lt\/wp-content\/uploads\/2023\/06\/retro_brezinys.jpg\" data-elementor-open-lightbox=\"yes\" data-elementor-lightbox-title=\"retro_br\u0117\u017einys\" data-e-action-hash=\"#elementor-action%3Aaction%3Dlightbox%26settings%3DeyJpZCI6NDY3OCwidXJsIjoiaHR0cHM6XC9cL215ZGVrby5sdFwvc2llbnUtbGVudGVsZXNcL3dwLWNvbnRlbnRcL3VwbG9hZHNcLzIwMjNcLzA2XC9yZXRyb19icmV6aW55cy5qcGcifQ%3D%3D\">\n\t\t\t\t\t\t\t<img loading=\"lazy\" decoding=\"async\" width=\"1024\" height=\"143\" src=\"https:\/\/mydeko.lt\/sienu-lenteles\/wp-content\/uploads\/2023\/06\/retro_brezinys-1024x143.jpg\" class=\"attachment-large size-large wp-image-4678\" alt=\"\" srcset=\"https:\/\/mydeko.lt\/sienu-lenteles\/wp-content\/uploads\/2023\/06\/retro_brezinys-1024x143.jpg 1024w, https:\/\/mydeko.lt\/sienu-lenteles\/wp-content\/uploads\/2023\/06\/retro_brezinys-300x42.jpg 300w, https:\/\/mydeko.lt\/sienu-lenteles\/wp-content\/uploads\/2023\/06\/retro_brezinys-768x107.jpg 768w, https:\/\/mydeko.lt\/sienu-lenteles\/wp-content\/uploads\/2023\/06\/retro_brezinys-1200x168.jpg 1200w, https:\/\/mydeko.lt\/sienu-lenteles\/wp-content\/uploads\/2023\/06\/retro_brezinys-600x84.jpg 600w, https:\/\/mydeko.lt\/sienu-lenteles\/wp-content\/uploads\/2023\/06\/retro_brezinys-800x112.jpg 800w, https:\/\/mydeko.lt\/sienu-lenteles\/wp-content\/uploads\/2023\/06\/retro_brezinys-150x21.jpg 150w, https:\/\/mydeko.lt\/sienu-lenteles\/wp-content\/uploads\/2023\/06\/retro_brezinys.jpg 1366w\" sizes=\"auto, (max-width: 1024px) 100vw, 1024px\" \/>\t\t\t\t\t\t\t\t<\/a>\n\t\t\t\t\t\t\t\t\t\t\t\t\t\t\t<\/div>\n\t\t\t\t<\/div>\n\t\t\t\t\t<\/div>\n\t\t<\/div>\n\t\t\t\t\t\t\t<\/div>\n\t\t<\/section>\n\t\t\t\t\t\t\t<\/div>\n\t\t","protected":false},"excerpt":{"rendered":"<p>RETRO kolekcija i\u0161siskiria savo vienspalvi\u0161kumu ir tinka minimalistiniuose interjeruose, kur svarbu pabr\u0117\u017eti gamtos nat\u016bralum\u0105 ir i\u0161skirtin\u012f interjero charakter\u012f. Vienspalv\u0117s panel\u0117s<\/p>\n","protected":false},"featured_media":5305,"template":"","meta":[],"product_cat":[79],"product_tag":[],"class_list":["post-3115","product","type-product","status-publish","has-post-thumbnail","hentry","product_cat-retro"],"_links":{"self":[{"href":"https:\/\/mydeko.lt\/sienu-lenteles\/wp-json\/wp\/v2\/product\/3115","targetHints":{"allow":["GET"]}}],"collection":[{"href":"https:\/\/mydeko.lt\/sienu-lenteles\/wp-json\/wp\/v2\/product"}],"about":[{"href":"https:\/\/mydeko.lt\/sienu-lenteles\/wp-json\/wp\/v2\/types\/product"}],"version-history":[{"count":1,"href":"https:\/\/mydeko.lt\/sienu-lenteles\/wp-json\/wp\/v2\/product\/3115\/revisions"}],"predecessor-version":[{"id":5623,"href":"https:\/\/mydeko.lt\/sienu-lenteles\/wp-json\/wp\/v2\/product\/3115\/revisions\/5623"}],"wp:featuredmedia":[{"embeddable":true,"href":"https:\/\/mydeko.lt\/sienu-lenteles\/wp-json\/wp\/v2\/media\/5305"}],"wp:attachment":[{"href":"https:\/\/mydeko.lt\/sienu-lenteles\/wp-json\/wp\/v2\/media?parent=3115"}],"wp:term":[{"taxonomy":"product_cat","embeddable":true,"href":"https:\/\/mydeko.lt\/sienu-lenteles\/wp-json\/wp\/v2\/product_cat?post=3115"},{"taxonomy":"product_tag","embeddable":true,"href":"https:\/\/mydeko.lt\/sienu-lenteles\/wp-json\/wp\/v2\/product_tag?post=3115"}],"curies":[{"name":"wp","href":"https:\/\/api.w.org\/{rel}","templated":true}]}}